{"id":52242,"date":"2025-08-22T08:35:42","date_gmt":"2025-08-22T08:35:42","guid":{"rendered":"https:\/\/drmuratsongu.com\/?page_id=52242"},"modified":"2025-09-09T12:19:50","modified_gmt":"2025-09-09T12:19:50","slug":"hageimplantater-foer-efter","status":"publish","type":"page","link":"https:\/\/drmuratsongu.com\/da\/galleri\/hageimplantater-foer-efter\/","title":{"rendered":"Hageimplantater F\u00f8r &#038; Efter"},"content":{"rendered":"\n\t<section class=\"section\" id=\"section_365437688\">\n\t\t<div class=\"section-bg fill\" >\n\t\t\t<img decoding=\"async\" width=\"1920\" height=\"850\" src=\"https:\/\/drmuratsongu.com\/wp-content\/uploads\/2024\/07\/muratsonguslider_1920x850.jpg\" class=\"bg attachment- size-\" alt=\"\" title=\"\">\t\t\t\t\t\t<div class=\"section-bg-overlay absolute fill\"><\/div>\n\t\t\t\n\n\t\t<\/div>\n\n\t\t\n\n\t\t<div class=\"section-content relative\">\n\t\t\t\n  <div id=\"page-header-256977717\" class=\"page-header-wrapper\">\n  <div class=\"page-title light simple-title\">\n\n    \n    <div class=\"page-title-inner container align-center flex-row medium-flex-wrap\" >\n              <div class=\"title-wrapper flex-col text-left medium-text-center\">\n          <h1 class=\"entry-title mb-0\">\n            Hageimplantater F\u00f8r &#038; Efter          <\/h1>\n        <\/div>\n                    <div class=\"title-content flex-col flex-right text-right medium-text-center\">\n        <div class=\"title-breadcrumbs pb-half pt-half\"><\/div>      <\/div>\n    <\/div>\n\n       <\/div>\n    <\/div>\n  \n\t\t<\/div>\n\n\t\t\n<style>\n#section_365437688 {\n  padding-top: 30px;\n  padding-bottom: 30px;\n}\n#section_365437688 .section-bg-overlay {\n  background-color: rgba(255, 255, 255, 0.5);\n}\n#section_365437688 .section-bg img {\n  object-position: 24% 42%;\n}\n<\/style>\n\t<\/section>\n\t\n\n\t<section class=\"section\" id=\"section_1580869367\">\n\t\t<div class=\"section-bg fill\" >\n\t\t\t\t\t\t\t\t\t\n\t\t\t\n\n\t\t<\/div>\n\n\t\t\n\n\t\t<div class=\"section-content relative\">\n\t\t\t\n<div class=\"row\"  id=\"row-1860710587\">\n\n\t<div id=\"col-1861341196\" class=\"col border-gorsel small-12 large-12\"  >\n\t\t\t\t<div class=\"col-inner\"  >\n\t\t\t\n\t\t\t\n<p>Oplev, hvordan hageimplantater kan forbedre ansigtets balance og styrke din profil med \u00e6gte f\u00f8r- og efterbilleder fra Prof. Dr. Murat Songu, en erfaren \u00d8NH-kirurg med speciale i ansigts\u00e6stetik. Hageforst\u00f8rrelse kombineres ofte med n\u00e6seoperation eller andre ansigtsprocedurer for at opn\u00e5 optimal harmoni og et mere defineret udseende.<\/p>\n<p>Vores fotogalleri viser naturligt udseende resultater hos patienter, der \u00f8nskede en st\u00e6rkere k\u00e6belinje, forbedrede ansigtsproportioner eller korrektion af en tilbagetrukket hage. Hver procedure tilpasses den enkeltes anatomi og \u00e6stetiske m\u00e5l for at sikre personlige resultater.<\/p>\n<p>Med Prof. Dr. Songus dybe forst\u00e5else af ansigtsstrukturen, is\u00e6r i harmoni med n\u00e6seanatomi, udf\u00f8res hageimplantatkirurgi med pr\u00e6cision og sikkerhed. Gennemse galleriet for at se de transformerende resultater og forestil dig dine egne forbedringer.<\/p>\n<p>Kontakt os i dag for at booke din konsultation og l\u00e6r, hvordan hageimplantater kan supplere dine ansigtstr\u00e6k med ekspertpleje fra en \u00d8NH-specialist.<\/p>\n\n  \n    <div class=\"row border-gorsel large-columns-3 medium-columns- small-columns-2\" >\n  <div class=\"gallery-col col\" >\n          <div class=\"col-inner\">\n            <a class=\"image-lightbox lightbox-gallery\" href=\"https:\/\/drmuratsongu.com\/wp-content\/uploads\/2025\/09\/Hageimplantater-For-Efter-1.webp\" title=\"\">            <div class=\"box has-hover gallery-box box-default\">\n              <div class=\"box-image image-cover\" style=\"padding-top:75%;\">\n                <img decoding=\"async\" width=\"640\" height=\"426\" src=\"https:\/\/drmuratsongu.com\/wp-content\/uploads\/2025\/09\/Hageimplantater-For-Efter-1.webp\" class=\"border-gorsel\" alt=\"\" ids=\"70606,70622,70638,70654,70670,70686\" style=\"default\" columns=\"3\" image_height=\"75%\" image_size=\"2048x2048\" srcset=\"https:\/\/drmuratsongu.com\/wp-content\/uploads\/2025\/09\/Hageimplantater-For-Efter-1.webp 640w, https:\/\/drmuratsongu.com\/wp-content\/uploads\/2025\/09\/Hageimplantater-For-Efter-1-601x400.webp 601w\" sizes=\"(max-width: 640px) 100vw, 640px\" title=\"\">                                                              <\/div>\n              <div class=\"box-text text-left\" >\n                 <p><\/p>\n              <\/div>\n            <\/div>\n            <\/a>          <\/div>\n         <\/div><div class=\"gallery-col col\" >\n          <div class=\"col-inner\">\n            <a class=\"image-lightbox lightbox-gallery\" href=\"https:\/\/drmuratsongu.com\/wp-content\/uploads\/2025\/09\/Hageimplantater-For-Efter-2.webp\" title=\"\">            <div class=\"box has-hover gallery-box box-default\">\n              <div class=\"box-image image-cover\" style=\"padding-top:75%;\">\n                <img decoding=\"async\" width=\"640\" height=\"269\" src=\"https:\/\/drmuratsongu.com\/wp-content\/uploads\/2025\/09\/Hageimplantater-For-Efter-2.webp\" class=\"border-gorsel\" alt=\"\" ids=\"70606,70622,70638,70654,70670,70686\" style=\"default\" columns=\"3\" image_height=\"75%\" image_size=\"2048x2048\" title=\"\">                                                              <\/div>\n              <div class=\"box-text text-left\" >\n                 <p><\/p>\n              <\/div>\n            <\/div>\n            <\/a>          <\/div>\n         <\/div><div class=\"gallery-col col\" >\n          <div class=\"col-inner\">\n            <a class=\"image-lightbox lightbox-gallery\" href=\"https:\/\/drmuratsongu.com\/wp-content\/uploads\/2025\/09\/Hageimplantater-For-Efter-3.webp\" title=\"\">            <div class=\"box has-hover gallery-box box-default\">\n              <div class=\"box-image image-cover\" style=\"padding-top:75%;\">\n                <img decoding=\"async\" width=\"640\" height=\"267\" src=\"https:\/\/drmuratsongu.com\/wp-content\/uploads\/2025\/09\/Hageimplantater-For-Efter-3.webp\" class=\"border-gorsel\" alt=\"\" ids=\"70606,70622,70638,70654,70670,70686\" style=\"default\" columns=\"3\" image_height=\"75%\" image_size=\"2048x2048\" title=\"\">                                                              <\/div>\n              <div class=\"box-text text-left\" >\n                 <p><\/p>\n              <\/div>\n            <\/div>\n            <\/a>          <\/div>\n         <\/div><div class=\"gallery-col col\" >\n          <div class=\"col-inner\">\n            <a class=\"image-lightbox lightbox-gallery\" href=\"https:\/\/drmuratsongu.com\/wp-content\/uploads\/2025\/09\/Hageimplantater-For-Efter-4.webp\" title=\"\">            <div class=\"box has-hover gallery-box box-default\">\n              <div class=\"box-image image-cover\" style=\"padding-top:75%;\">\n                <img decoding=\"async\" width=\"640\" height=\"415\" src=\"https:\/\/drmuratsongu.com\/wp-content\/uploads\/2025\/09\/Hageimplantater-For-Efter-4.webp\" class=\"border-gorsel\" alt=\"\" ids=\"70606,70622,70638,70654,70670,70686\" style=\"default\" columns=\"3\" image_height=\"75%\" image_size=\"2048x2048\" srcset=\"https:\/\/drmuratsongu.com\/wp-content\/uploads\/2025\/09\/Hageimplantater-For-Efter-4.webp 640w, https:\/\/drmuratsongu.com\/wp-content\/uploads\/2025\/09\/Hageimplantater-For-Efter-4-617x400.webp 617w\" sizes=\"(max-width: 640px) 100vw, 640px\" title=\"\">                                                              <\/div>\n              <div class=\"box-text text-left\" >\n                 <p><\/p>\n              <\/div>\n            <\/div>\n            <\/a>          <\/div>\n         <\/div><div class=\"gallery-col col\" >\n          <div class=\"col-inner\">\n            <a class=\"image-lightbox lightbox-gallery\" href=\"https:\/\/drmuratsongu.com\/wp-content\/uploads\/2025\/09\/Hageimplantater-For-Efter-5-640x800.webp\" title=\"\">            <div class=\"box has-hover gallery-box box-default\">\n              <div class=\"box-image image-cover\" style=\"padding-top:75%;\">\n                <img decoding=\"async\" width=\"1639\" height=\"2048\" src=\"https:\/\/drmuratsongu.com\/wp-content\/uploads\/2025\/09\/Hageimplantater-For-Efter-5-1639x2048.webp\" class=\"border-gorsel\" alt=\"\" ids=\"70606,70622,70638,70654,70670,70686\" style=\"default\" columns=\"3\" image_height=\"75%\" image_size=\"2048x2048\" srcset=\"https:\/\/drmuratsongu.com\/wp-content\/uploads\/2025\/09\/Hageimplantater-For-Efter-5-1639x2048.webp 1639w, https:\/\/drmuratsongu.com\/wp-content\/uploads\/2025\/09\/Hageimplantater-For-Efter-5-320x400.webp 320w, https:\/\/drmuratsongu.com\/wp-content\/uploads\/2025\/09\/Hageimplantater-For-Efter-5-640x800.webp 640w, https:\/\/drmuratsongu.com\/wp-content\/uploads\/2025\/09\/Hageimplantater-For-Efter-5-768x960.webp 768w, https:\/\/drmuratsongu.com\/wp-content\/uploads\/2025\/09\/Hageimplantater-For-Efter-5-1229x1536.webp 1229w, https:\/\/drmuratsongu.com\/wp-content\/uploads\/2025\/09\/Hageimplantater-For-Efter-5-scaled.webp 2048w\" sizes=\"(max-width: 1639px) 100vw, 1639px\" title=\"\">                                                              <\/div>\n              <div class=\"box-text text-left\" >\n                 <p><\/p>\n              <\/div>\n            <\/div>\n            <\/a>          <\/div>\n         <\/div><div class=\"gallery-col col\" >\n          <div class=\"col-inner\">\n            <a class=\"image-lightbox lightbox-gallery\" href=\"https:\/\/drmuratsongu.com\/wp-content\/uploads\/2025\/09\/Hageimplantater-For-Efter-6-640x800.webp\" title=\"\">            <div class=\"box has-hover gallery-box box-default\">\n              <div class=\"box-image image-cover\" style=\"padding-top:75%;\">\n                <img decoding=\"async\" width=\"1639\" height=\"2048\" src=\"https:\/\/drmuratsongu.com\/wp-content\/uploads\/2025\/09\/Hageimplantater-For-Efter-6-1639x2048.webp\" class=\"border-gorsel\" alt=\"\" ids=\"70606,70622,70638,70654,70670,70686\" style=\"default\" columns=\"3\" image_height=\"75%\" image_size=\"2048x2048\" srcset=\"https:\/\/drmuratsongu.com\/wp-content\/uploads\/2025\/09\/Hageimplantater-For-Efter-6-1639x2048.webp 1639w, https:\/\/drmuratsongu.com\/wp-content\/uploads\/2025\/09\/Hageimplantater-For-Efter-6-320x400.webp 320w, https:\/\/drmuratsongu.com\/wp-content\/uploads\/2025\/09\/Hageimplantater-For-Efter-6-640x800.webp 640w, https:\/\/drmuratsongu.com\/wp-content\/uploads\/2025\/09\/Hageimplantater-For-Efter-6-768x960.webp 768w, https:\/\/drmuratsongu.com\/wp-content\/uploads\/2025\/09\/Hageimplantater-For-Efter-6-1229x1536.webp 1229w, https:\/\/drmuratsongu.com\/wp-content\/uploads\/2025\/09\/Hageimplantater-For-Efter-6-scaled.webp 2048w\" sizes=\"(max-width: 1639px) 100vw, 1639px\" title=\"\">                                                              <\/div>\n              <div class=\"box-text text-left\" >\n                 <p><\/p>\n              <\/div>\n            <\/div>\n            <\/a>          <\/div>\n         <\/div><\/div>\n\t\t<\/div>\n\t\t\t\t\t<\/div>\n\n\t\n<\/div>\n\t\t<\/div>\n\n\t\t\n<style>\n#section_1580869367 {\n  padding-top: 30px;\n  padding-bottom: 30px;\n}\n<\/style>\n\t<\/section>\n\t\n","protected":false},"excerpt":{"rendered":"","protected":false},"author":5,"featured_media":0,"parent":51923,"menu_order":0,"comment_status":"closed","ping_status":"closed","template":"page-blank.php","meta":{"footnotes":""},"class_list":["post-52242","page","type-page","status-publish","hentry"],"_links":{"self":[{"href":"https:\/\/drmuratsongu.com\/da\/wp-json\/wp\/v2\/pages\/52242","targetHints":{"allow":["GET"]}}],"collection":[{"href":"https:\/\/drmuratsongu.com\/da\/wp-json\/wp\/v2\/pages"}],"about":[{"href":"https:\/\/drmuratsongu.com\/da\/wp-json\/wp\/v2\/types\/page"}],"author":[{"embeddable":true,"href":"https:\/\/drmuratsongu.com\/da\/wp-json\/wp\/v2\/users\/5"}],"replies":[{"embeddable":true,"href":"https:\/\/drmuratsongu.com\/da\/wp-json\/wp\/v2\/comments?post=52242"}],"version-history":[{"count":3,"href":"https:\/\/drmuratsongu.com\/da\/wp-json\/wp\/v2\/pages\/52242\/revisions"}],"predecessor-version":[{"id":70702,"href":"https:\/\/drmuratsongu.com\/da\/wp-json\/wp\/v2\/pages\/52242\/revisions\/70702"}],"up":[{"embeddable":true,"href":"https:\/\/drmuratsongu.com\/da\/wp-json\/wp\/v2\/pages\/51923"}],"wp:attachment":[{"href":"https:\/\/drmuratsongu.com\/da\/wp-json\/wp\/v2\/media?parent=52242"}],"curies":[{"name":"wp","href":"https:\/\/api.w.org\/{rel}","templated":true}]}}