{"id":25763,"date":"2023-08-02T08:01:07","date_gmt":"2023-08-02T08:01:07","guid":{"rendered":"https:\/\/drmuratsongu.com\/?page_id=25763"},"modified":"2025-08-13T11:36:02","modified_gmt":"2025-08-13T11:36:02","slug":"auszeichnungen","status":"publish","type":"page","link":"https:\/\/drmuratsongu.com\/de\/auszeichnungen\/","title":{"rendered":"Auszeichnungen"},"content":{"rendered":"\n\t<section class=\"section\" id=\"section_90818961\">\n\t\t<div class=\"section-bg fill\" >\n\t\t\t<img decoding=\"async\" width=\"1920\" height=\"850\" src=\"https:\/\/drmuratsongu.com\/wp-content\/uploads\/2024\/07\/muratsonguslider_1920x850.jpg\" class=\"bg attachment- size-\" alt=\"\" title=\"\">\t\t\t\t\t\t<div class=\"section-bg-overlay absolute fill\"><\/div>\n\t\t\t\n\n\t\t<\/div>\n\n\t\t\n\n\t\t<div class=\"section-content relative\">\n\t\t\t\n  <div id=\"page-header-2110387373\" class=\"page-header-wrapper\">\n  <div class=\"page-title light simple-title\">\n\n    \n    <div class=\"page-title-inner container align-center flex-row medium-flex-wrap\" >\n              <div class=\"title-wrapper flex-col text-left medium-text-center\">\n          <h1 class=\"entry-title mb-0\">\n            Auszeichnungen          <\/h1>\n        <\/div>\n                    <div class=\"title-content flex-col flex-right text-right medium-text-center\">\n        <div class=\"title-breadcrumbs pb-half pt-half\"><\/div>      <\/div>\n    <\/div>\n\n       <\/div>\n    <\/div>\n  \n\t\t<\/div>\n\n\t\t\n<style>\n#section_90818961 {\n  padding-top: 30px;\n  padding-bottom: 30px;\n}\n#section_90818961 .section-bg-overlay {\n  background-color: rgba(255, 255, 255, 0.5);\n}\n#section_90818961 .section-bg img {\n  object-position: 24% 42%;\n}\n<\/style>\n\t<\/section>\n\t\n\n\t<section class=\"section\" id=\"section_243883172\">\n\t\t<div class=\"section-bg fill\" >\n\t\t\t\t\t\t\t\t\t\n\t\t\t\n\n\t\t<\/div>\n\n\t\t\n\n\t\t<div class=\"section-content relative\">\n\t\t\t\n<div class=\"slider-wrapper relative\" id=\"slider-996241708\" >\n    <div class=\"slider slider-nav-circle slider-nav-large slider-nav-dark slider-style-normal\"\n        data-flickity-options='{\n            \"cellAlign\": \"center\",\n            \"imagesLoaded\": true,\n            \"lazyLoad\": 1,\n            \"freeScroll\": false,\n            \"wrapAround\": true,\n            \"autoPlay\": 6000,\n            \"pauseAutoPlayOnHover\" : true,\n            \"prevNextButtons\": true,\n            \"contain\" : true,\n            \"adaptiveHeight\" : true,\n            \"dragThreshold\" : 10,\n            \"percentPosition\": true,\n            \"pageDots\": true,\n            \"rightToLeft\": false,\n            \"draggable\": true,\n            \"selectedAttraction\": 0.1,\n            \"parallax\" : 0,\n            \"friction\": 0.6        }'\n        >\n        \n\n\t<section class=\"section\" id=\"section_2122853178\">\n\t\t<div class=\"section-bg fill\" >\n\t\t\t\t\t\t\t\t\t\n\t\t\t\n\n\t\t<\/div>\n\n\t\t\n\n\t\t<div class=\"section-content relative\">\n\t\t\t\n<div class=\"row\"  id=\"row-481472301\">\n\n\t<div id=\"col-903604986\" class=\"col small-12 large-12\"  >\n\t\t\t\t<div class=\"col-inner box-shadow-4 dark\" style=\"background-color:#b17f72;\" >\n\t\t\t\n\t\t\t\n\t<div id=\"text-2999896108\" class=\"text\">\n\t\t\n<p><strong>2013<\/strong><br \/><strong>3. Platz \u2013 Bester Forschungs\u00adpreis<\/strong><\/p>\n<p> \t\t\n<style>\n#text-2999896108 {\n  font-size: 1.25rem;\n  text-align: center;\n}\n<\/style>\n\t<\/div>\n\t \t<div id=\"text-2172709885\" class=\"text\">\n\t\t <\/p>\n<p>Im Jahr 2013 erhielt er beim 35. T\u00fcrkischen Nationalen HNO- und Kopf-Hals-Chirurgie-Kongress den Preis \u201e3. Platz \u2013 Beste Forschung\u201c.<\/p>\n<p> \t\t\n<style>\n#text-2172709885 {\n  text-align: center;\n}\n<\/style>\n\t<\/div>\n\t\n\t\t<\/div>\n\t\t\t\t\n<style>\n#col-903604986 > .col-inner {\n  padding: 20px 20px 120px 20px;\n  border-radius: 20px;\n}\n<\/style>\n\t<\/div>\n\n\t\n<\/div>\n\t\t<\/div>\n\n\t\t\n<style>\n#section_2122853178 {\n  padding-top: 30px;\n  padding-bottom: 30px;\n}\n<\/style>\n\t<\/section>\n\t\n\n\t<section class=\"section\" id=\"section_86135506\">\n\t\t<div class=\"section-bg fill\" >\n\t\t\t\t\t\t\t\t\t\n\t\t\t\n\n\t\t<\/div>\n\n\t\t\n\n\t\t<div class=\"section-content relative\">\n\t\t\t\n<div class=\"row\"  id=\"row-2005368321\">\n\n\t<div id=\"col-1103062931\" class=\"col small-12 large-12\"  >\n\t\t\t\t<div class=\"col-inner box-shadow-4 dark\" style=\"background-color:#b17f72;\" >\n\t\t\t\n\t\t\t\n\t<div id=\"text-777678274\" class=\"text\">\n\t\t\n<p><strong>2012<\/strong><br \/><strong>1. Platz im TRENT Academy Rhinocamp Wissenschaftlichen Forschungs\u00adwettbewerb<\/strong><\/p>\n<p> \t\t\n<style>\n#text-777678274 {\n  font-size: 1.25rem;\n  text-align: center;\n}\n<\/style>\n\t<\/div>\n\t \t<div id=\"text-3702520831\" class=\"text\">\n\t\t <\/p>\n<p>Im Jahr 2012 gewann er beim 8. Rhino Camp Meeting den \u201e1. Platz im TRENT Academy Rhinocamp Wissenschaftlichen Forschungswettbewerb\u201c.<\/p>\n<p> \t\t\n<style>\n#text-3702520831 {\n  text-align: center;\n}\n<\/style>\n\t<\/div>\n\t\n\t\t<\/div>\n\t\t\t\t\n<style>\n#col-1103062931 > .col-inner {\n  padding: 20px 20px 83px 20px;\n  border-radius: 20px;\n}\n<\/style>\n\t<\/div>\n\n\t\n<\/div>\n\t\t<\/div>\n\n\t\t\n<style>\n#section_86135506 {\n  padding-top: 30px;\n  padding-bottom: 30px;\n}\n<\/style>\n\t<\/section>\n\t\n\n\t<section class=\"section\" id=\"section_558695494\">\n\t\t<div class=\"section-bg fill\" >\n\t\t\t\t\t\t\t\t\t\n\t\t\t\n\n\t\t<\/div>\n\n\t\t\n\n\t\t<div class=\"section-content relative\">\n\t\t\t\n<div class=\"row\"  id=\"row-1540653274\">\n\n\t<div id=\"col-1793177977\" class=\"col small-12 large-12\"  >\n\t\t\t\t<div class=\"col-inner box-shadow-4 dark\" style=\"background-color:#b17f72;\" >\n\t\t\t\n\t\t\t\n\t<div id=\"text-3337002577\" class=\"text\">\n\t\t\n<p><strong>2011<\/strong><br \/><strong>1. Platz \u2013 Produktivster HNO-Facharzt<\/strong><\/p>\n<p> \t\t\n<style>\n#text-3337002577 {\n  font-size: 1.25rem;\n  text-align: center;\n}\n<\/style>\n\t<\/div>\n\t \t<div id=\"text-3435108719\" class=\"text\">\n\t\t <\/p>\n<p>Im Jahr 2011 erhielt er von Kanal-ENT (Plattform f\u00fcr den Wissensaustausch von HNO-Fach\u00e4rzten) den \u201e1. Platz \u2013 Produktivster HNO-Facharzt\u201c.<\/p>\n<p> \t\t\n<style>\n#text-3435108719 {\n  text-align: center;\n}\n<\/style>\n\t<\/div>\n\t\n\t\t<\/div>\n\t\t\t\t\n<style>\n#col-1793177977 > .col-inner {\n  padding: 20px 20px 120px 20px;\n  border-radius: 20px;\n}\n<\/style>\n\t<\/div>\n\n\t\n<\/div>\n\t\t<\/div>\n\n\t\t\n<style>\n#section_558695494 {\n  padding-top: 30px;\n  padding-bottom: 30px;\n}\n<\/style>\n\t<\/section>\n\t\n\n\t<section class=\"section\" id=\"section_1087081505\">\n\t\t<div class=\"section-bg fill\" >\n\t\t\t\t\t\t\t\t\t\n\t\t\t\n\n\t\t<\/div>\n\n\t\t\n\n\t\t<div class=\"section-content relative\">\n\t\t\t\n<div class=\"row\"  id=\"row-56100537\">\n\n\t<div id=\"col-401097472\" class=\"col small-12 large-12\"  >\n\t\t\t\t<div class=\"col-inner box-shadow-4 dark\" style=\"background-color:#b17f72;\" >\n\t\t\t\n\t\t\t\n\t<div id=\"text-22676795\" class=\"text\">\n\t\t\n<p><strong>2010<\/strong><br \/><strong>2. Platz \u2013 Produktivster HNO-Facharzt<\/strong><\/p>\n<p> \t\t\n<style>\n#text-22676795 {\n  font-size: 1.25rem;\n  text-align: center;\n}\n<\/style>\n\t<\/div>\n\t \t<div id=\"text-4010640253\" class=\"text\">\n\t\t <\/p>\n<p>Im Jahr 2010 erhielt er von Kanal-ENT (Plattform f\u00fcr den Wissensaustausch von HNO-Fach\u00e4rzten) den \u201e2. Platz \u2013 Produktivster HNO-Facharzt\u201c.<\/p>\n<p> \t\t\n<style>\n#text-4010640253 {\n  text-align: center;\n}\n<\/style>\n\t<\/div>\n\t\n\t\t<\/div>\n\t\t\t\t\n<style>\n#col-401097472 > .col-inner {\n  padding: 20px 20px 90px 20px;\n  border-radius: 20px;\n}\n<\/style>\n\t<\/div>\n\n\t\n<\/div>\n\t\t<\/div>\n\n\t\t\n<style>\n#section_1087081505 {\n  padding-top: 30px;\n  padding-bottom: 30px;\n}\n<\/style>\n\t<\/section>\n\t\n\n\t<section class=\"section\" id=\"section_1108181870\">\n\t\t<div class=\"section-bg fill\" >\n\t\t\t\t\t\t\t\t\t\n\t\t\t\n\n\t\t<\/div>\n\n\t\t\n\n\t\t<div class=\"section-content relative\">\n\t\t\t\n<div class=\"row\"  id=\"row-34193656\">\n\n\t<div id=\"col-2083135235\" class=\"col small-12 large-12\"  >\n\t\t\t\t<div class=\"col-inner box-shadow-4 dark\" style=\"background-color:#b17f72;\" >\n\t\t\t\n\t\t\t\n\t<div id=\"text-4152771370\" class=\"text\">\n\t\t\n<p><strong>2010<\/strong><br \/><strong>Erster Platz in der T\u00fcrkei<\/strong><\/p>\n<p> \t\t\n<style>\n#text-4152771370 {\n  font-size: 1.25rem;\n  text-align: center;\n}\n<\/style>\n\t<\/div>\n\t \t<div id=\"text-3051515834\" class=\"text\">\n\t\t <\/p>\n<p>Erreichte den ersten Platz (100 Punkte) in der m\u00fcndlichen Chef\u00adassistenzpr\u00fcfung des t\u00fcrkischen Gesundheitsministeriums.<\/p>\n<p> \t\t\n<style>\n#text-3051515834 {\n  text-align: center;\n}\n<\/style>\n\t<\/div>\n\t\n\t\t<\/div>\n\t\t\t\t\n<style>\n#col-2083135235 > .col-inner {\n  padding: 20px 20px 173px 20px;\n  border-radius: 20px;\n}\n<\/style>\n\t<\/div>\n\n\t\n<\/div>\n\t\t<\/div>\n\n\t\t\n<style>\n#section_1108181870 {\n  padding-top: 30px;\n  padding-bottom: 30px;\n}\n<\/style>\n\t<\/section>\n\t\n\n\t<section class=\"section\" id=\"section_1784094737\">\n\t\t<div class=\"section-bg fill\" >\n\t\t\t\t\t\t\t\t\t\n\t\t\t\n\n\t\t<\/div>\n\n\t\t\n\n\t\t<div class=\"section-content relative\">\n\t\t\t\n<div class=\"row\"  id=\"row-238416558\">\n\n\t<div id=\"col-349332729\" class=\"col small-12 large-12\"  >\n\t\t\t\t<div class=\"col-inner box-shadow-4 dark\" style=\"background-color:#b17f72;\" >\n\t\t\t\n\t\t\t\n\t<div id=\"text-896922032\" class=\"text\">\n\t\t\n<p><strong>2010<\/strong><br \/><strong>Kandidat f\u00fcr den Au\u00dfergew\u00f6hnlichen Dienst\u00adpreis der Gro\u00dfen Nationalversammlung der T\u00fcrkei<\/strong><\/p>\n<p> \t\t\n<style>\n#text-896922032 {\n  font-size: 1.05rem;\n  text-align: center;\n}\n<\/style>\n\t<\/div>\n\t \t<div id=\"text-3457165213\" class=\"text\">\n\t\t <\/p>\n<p>2010 wurde er f\u00fcr den \u201eAu\u00dfergew\u00f6hnlichen Dienstpreis der Gro\u00dfen Nationalversammlung der T\u00fcrkei\u201c nominiert, wobei seine Beitr\u00e4ge zur Steigerung des internationalen wissenschaftlichen Ansehens der Institutionen, f\u00fcr die er gearbeitet hat, sowie unseres Landes hervorgehoben wurden.<\/p>\n<p> \t\t\n<style>\n#text-3457165213 {\n  text-align: center;\n}\n<\/style>\n\t<\/div>\n\t\n\t\t<\/div>\n\t\t\t\t\n<style>\n#col-349332729 > .col-inner {\n  padding: 20px 20px 30px 20px;\n  border-radius: 20px;\n}\n<\/style>\n\t<\/div>\n\n\t\n<\/div>\n\t\t<\/div>\n\n\t\t\n<style>\n#section_1784094737 {\n  padding-top: 30px;\n  padding-bottom: 30px;\n}\n<\/style>\n\t<\/section>\n\t\n\n\t<section class=\"section\" id=\"section_2010361340\">\n\t\t<div class=\"section-bg fill\" >\n\t\t\t\t\t\t\t\t\t\n\t\t\t\n\n\t\t<\/div>\n\n\t\t\n\n\t\t<div class=\"section-content relative\">\n\t\t\t\n<div class=\"row\"  id=\"row-1129503751\">\n\n\t<div id=\"col-1883654671\" class=\"col small-12 large-12\"  >\n\t\t\t\t<div class=\"col-inner box-shadow-4 dark\" style=\"background-color:#b17f72;\" >\n\t\t\t\n\t\t\t\n\t<div id=\"text-302471606\" class=\"text\">\n\t\t\n<p><strong>2010<\/strong><br \/><strong>Preis zur F\u00f6rderung wissenschaftlicher Beitr\u00e4ge<\/strong><\/p>\n<p> \t\t\n<style>\n#text-302471606 {\n  font-size: 1.25rem;\n  text-align: center;\n}\n<\/style>\n\t<\/div>\n\t \t<div id=\"text-2514115166\" class=\"text\">\n\t\t <\/p>\n<p>2010 wurde er vom t\u00fcrkischen Gesundheitsministerium mit dem \u201ePreis zur F\u00f6rderung wissenschaftlicher Beitr\u00e4ge\u201c ausgezeichnet, als der Facharzt, der die h\u00f6chste Anzahl internationaler wissenschaftlicher Ver\u00f6ffentlichungen in der T\u00fcrkei vorweisen konnte.<\/p>\n<p> \t\t\n<style>\n#text-2514115166 {\n  text-align: center;\n}\n<\/style>\n\t<\/div>\n\t\n\t\t<\/div>\n\t\t\t\t\n<style>\n#col-1883654671 > .col-inner {\n  padding: 20px 20px 40px 20px;\n  border-radius: 20px;\n}\n<\/style>\n\t<\/div>\n\n\t\n<\/div>\n\t\t<\/div>\n\n\t\t\n<style>\n#section_2010361340 {\n  padding-top: 30px;\n  padding-bottom: 30px;\n}\n<\/style>\n\t<\/section>\n\t\n\n\t<section class=\"section\" id=\"section_1218522801\">\n\t\t<div class=\"section-bg fill\" >\n\t\t\t\t\t\t\t\t\t\n\t\t\t\n\n\t\t<\/div>\n\n\t\t\n\n\t\t<div class=\"section-content relative\">\n\t\t\t\n<div class=\"row\"  id=\"row-1075270265\">\n\n\t<div id=\"col-1993632711\" class=\"col small-12 large-12\"  >\n\t\t\t\t<div class=\"col-inner box-shadow-4 dark\" style=\"background-color:#b17f72;\" >\n\t\t\t\n\t\t\t\n\t<div id=\"text-1515632478\" class=\"text\">\n\t\t\n<p><strong>2009<\/strong><br \/><strong>Arzt des Jahres<\/strong><\/p>\n<p> \t\t\n<style>\n#text-1515632478 {\n  font-size: 1.25rem;\n  text-align: center;\n}\n<\/style>\n\t<\/div>\n\t \t<div id=\"text-2233903220\" class=\"text\">\n\t\t <\/p>\n<p>Im Jahr 2009 wurde er vom t\u00fcrkischen Gesundheitsministerium zum \u201eArzt des Jahres\u201c gew\u00e4hlt und erhielt im selben Jahr zudem eine Dankesurkunde.<\/p>\n<p> \t\t\n<style>\n#text-2233903220 {\n  text-align: center;\n}\n<\/style>\n\t<\/div>\n\t\n\t\t<\/div>\n\t\t\t\t\n<style>\n#col-1993632711 > .col-inner {\n  padding: 20px 20px 123px 20px;\n  border-radius: 20px;\n}\n<\/style>\n\t<\/div>\n\n\t\n<\/div>\n\t\t<\/div>\n\n\t\t\n<style>\n#section_1218522801 {\n  padding-top: 30px;\n  padding-bottom: 30px;\n}\n<\/style>\n\t<\/section>\n\t\n\n\t<section class=\"section\" id=\"section_1727202706\">\n\t\t<div class=\"section-bg fill\" >\n\t\t\t\t\t\t\t\t\t\n\t\t\t\n\n\t\t<\/div>\n\n\t\t\n\n\t\t<div class=\"section-content relative\">\n\t\t\t\n<div class=\"row\"  id=\"row-1430253794\">\n\n\t<div id=\"col-1331436742\" class=\"col small-12 large-12\"  >\n\t\t\t\t<div class=\"col-inner box-shadow-4 dark\" style=\"background-color:#b17f72;\" >\n\t\t\t\n\t\t\t\n\t<div id=\"text-3180532420\" class=\"text\">\n\t\t\n<p><strong>2009<\/strong><br \/><strong>Preis f\u00fcr Verdienste im Gesundheitswesen<\/strong><\/p>\n<p> \t\t\n<style>\n#text-3180532420 {\n  font-size: 1.25rem;\n  text-align: center;\n}\n<\/style>\n\t<\/div>\n\t \t<div id=\"text-2362790560\" class=\"text\">\n\t\t <\/p>\n<p>Im Jahr 2009 erhielt er den \u201ePreis f\u00fcr Verdienste im Gesundheitswesen\u201c infolge einer landesweiten Bewertung durch die \u201eStiftung zur Unterst\u00fctzung staatlicher Krankenh\u00e4user und Patienten der T\u00fcrkei\u201c.<\/p>\n<p> \t\t\n<style>\n#text-2362790560 {\n  text-align: center;\n}\n<\/style>\n\t<\/div>\n\t\n\t\t<\/div>\n\t\t\t\t\n<style>\n#col-1331436742 > .col-inner {\n  padding: 20px 20px 91px 20px;\n  border-radius: 20px;\n}\n<\/style>\n\t<\/div>\n\n\t\n<\/div>\n\t\t<\/div>\n\n\t\t\n<style>\n#section_1727202706 {\n  padding-top: 30px;\n  padding-bottom: 30px;\n}\n<\/style>\n\t<\/section>\n\t\n\n\t<section class=\"section\" id=\"section_716814934\">\n\t\t<div class=\"section-bg fill\" >\n\t\t\t\t\t\t\t\t\t\n\t\t\t\n\n\t\t<\/div>\n\n\t\t\n\n\t\t<div class=\"section-content relative\">\n\t\t\t\n<div class=\"row\"  id=\"row-261755720\">\n\n\t<div id=\"col-1265802872\" class=\"col small-12 large-12\"  >\n\t\t\t\t<div class=\"col-inner box-shadow-4 dark\" style=\"background-color:#b17f72;\" >\n\t\t\t\n\t\t\t\n\t<div id=\"text-137044930\" class=\"text\">\n\t\t\n<p><strong>2009<\/strong><br \/><strong>Danksagungsurkunde des Pr\u00e4sidiums der Republik T\u00fcrkei<\/strong><\/p>\n<p> \t\t\n<style>\n#text-137044930 {\n  font-size: 1.25rem;\n  text-align: center;\n}\n<\/style>\n\t<\/div>\n\t \t<div id=\"text-1334330040\" class=\"text\">\n\t\t <\/p>\n<p>Er erhielt 2009 eine Danksagungsurkunde des Pr\u00e4sidiums der Republik T\u00fcrkei, da er als zweiter t\u00fcrkischer Staatsb\u00fcrger den \u201ePolitzer Society Sonderpreis\u201c gewonnen hatte.<\/p>\n<p> \t\t\n<style>\n#text-1334330040 {\n  text-align: center;\n}\n<\/style>\n\t<\/div>\n\t\n\t\t<\/div>\n\t\t\t\t\n<style>\n#col-1265802872 > .col-inner {\n  padding: 20px 20px 28px 20px;\n  border-radius: 20px;\n}\n<\/style>\n\t<\/div>\n\n\t\n<\/div>\n\t\t<\/div>\n\n\t\t\n<style>\n#section_716814934 {\n  padding-top: 30px;\n  padding-bottom: 30px;\n}\n<\/style>\n\t<\/section>\n\t\n\n\t<section class=\"section\" id=\"section_1224424368\">\n\t\t<div class=\"section-bg fill\" >\n\t\t\t\t\t\t\t\t\t\n\t\t\t\n\n\t\t<\/div>\n\n\t\t\n\n\t\t<div class=\"section-content relative\">\n\t\t\t\n<div class=\"row\"  id=\"row-865428126\">\n\n\t<div id=\"col-1832804922\" class=\"col small-12 large-12\"  >\n\t\t\t\t<div class=\"col-inner box-shadow-4 dark\" style=\"background-color:#b17f72;\" >\n\t\t\t\n\t\t\t\n\t<div id=\"text-3924371605\" class=\"text\">\n\t\t\n<p><strong>2009<\/strong><br \/><strong>Preis f\u00fcr Lehrvideos<\/strong><\/p>\n<p> \t\t\n<style>\n#text-3924371605 {\n  font-size: 1.25rem;\n  text-align: center;\n}\n<\/style>\n\t<\/div>\n\t \t<div id=\"text-135289283\" class=\"text\">\n\t\t <\/p>\n<p>Gewann 2009 den \u201ePreis f\u00fcr Lehrvideos\u201c beim 7. Akademietreffen.<\/p>\n<p> \t\t\n<style>\n#text-135289283 {\n  text-align: center;\n}\n<\/style>\n\t<\/div>\n\t\n\t\t<\/div>\n\t\t\t\t\n<style>\n#col-1832804922 > .col-inner {\n  padding: 20px 20px 203px 20px;\n  border-radius: 20px;\n}\n<\/style>\n\t<\/div>\n\n\t\n<\/div>\n\t\t<\/div>\n\n\t\t\n<style>\n#section_1224424368 {\n  padding-top: 30px;\n  padding-bottom: 30px;\n}\n<\/style>\n\t<\/section>\n\t\n\n\t<section class=\"section\" id=\"section_1877813742\">\n\t\t<div class=\"section-bg fill\" >\n\t\t\t\t\t\t\t\t\t\n\t\t\t\n\n\t\t<\/div>\n\n\t\t\n\n\t\t<div class=\"section-content relative\">\n\t\t\t\n<div class=\"row\"  id=\"row-721475224\">\n\n\t<div id=\"col-109378304\" class=\"col small-12 large-12\"  >\n\t\t\t\t<div class=\"col-inner box-shadow-4 dark\" style=\"background-color:#b17f72;\" >\n\t\t\t\n\t\t\t\n\t<div id=\"text-3011330139\" class=\"text\">\n\t\t\n<p><strong>2008<\/strong><br \/><strong>Politzer Society Sonderpreis (France Georges Portmann Institut, 2008)<\/strong><\/p>\n<p> \t\t\n<style>\n#text-3011330139 {\n  font-size: 1.25rem;\n  text-align: center;\n}\n<\/style>\n\t<\/div>\n\t \t<div id=\"text-2464191080\" class=\"text\">\n\t\t <\/p>\n<p>Er gewann 2008 den \u201ePolitzer Society Sonderpreis\u201c f\u00fcr seine Arbeiten, die am France Georges Portmann Institut begonnen wurden. Er ist der zweite t\u00fcrkische Staatsb\u00fcrger, der diese Auszeichnung erhalten hat.<\/p>\n<p> \t\t\n<style>\n#text-2464191080 {\n  text-align: center;\n}\n<\/style>\n\t<\/div>\n\t\n\t\t<\/div>\n\t\t\t\t\n<style>\n#col-109378304 > .col-inner {\n  padding: 20px 20px 30px 20px;\n  border-radius: 20px;\n}\n<\/style>\n\t<\/div>\n\n\t\n<\/div>\n\t\t<\/div>\n\n\t\t\n<style>\n#section_1877813742 {\n  padding-top: 30px;\n  padding-bottom: 30px;\n}\n<\/style>\n\t<\/section>\n\t\n     <\/div>\n\n     <div class=\"loading-spin dark large centered\"><\/div>\n\n\t\n<style>\n#slider-996241708 .flickity-slider > * {\n  max-width: 340px!important;\n}\n<\/style>\n<\/div>\n\n\n\t\t<\/div>\n\n\t\t\n<style>\n#section_243883172 {\n  padding-top: 30px;\n  padding-bottom: 30px;\n}\n<\/style>\n\t<\/section>\n\t\n","protected":false},"excerpt":{"rendered":"","protected":false},"author":5,"featured_media":0,"parent":0,"menu_order":6,"comment_status":"closed","ping_status":"closed","template":"page-blank.php","meta":{"footnotes":""},"class_list":["post-25763","page","type-page","status-publish","hentry"],"_links":{"self":[{"href":"https:\/\/drmuratsongu.com\/de\/wp-json\/wp\/v2\/pages\/25763","targetHints":{"allow":["GET"]}}],"collection":[{"href":"https:\/\/drmuratsongu.com\/de\/wp-json\/wp\/v2\/pages"}],"about":[{"href":"https:\/\/drmuratsongu.com\/de\/wp-json\/wp\/v2\/types\/page"}],"author":[{"embeddable":true,"href":"https:\/\/drmuratsongu.com\/de\/wp-json\/wp\/v2\/users\/5"}],"replies":[{"embeddable":true,"href":"https:\/\/drmuratsongu.com\/de\/wp-json\/wp\/v2\/comments?post=25763"}],"version-history":[{"count":3,"href":"https:\/\/drmuratsongu.com\/de\/wp-json\/wp\/v2\/pages\/25763\/revisions"}],"predecessor-version":[{"id":51191,"href":"https:\/\/drmuratsongu.com\/de\/wp-json\/wp\/v2\/pages\/25763\/revisions\/51191"}],"wp:attachment":[{"href":"https:\/\/drmuratsongu.com\/de\/wp-json\/wp\/v2\/media?parent=25763"}],"curies":[{"name":"wp","href":"https:\/\/api.w.org\/{rel}","templated":true}]}}