{"id":25881,"date":"2020-08-24T04:36:47","date_gmt":"2020-08-24T04:36:47","guid":{"rendered":"https:\/\/drmuratsongu.com\/homepage-1\/"},"modified":"2023-12-05T08:29:10","modified_gmt":"2023-12-05T08:29:10","slug":"homepage-1","status":"publish","type":"page","link":"https:\/\/drmuratsongu.com\/de\/homepage-1\/","title":{"rendered":"Startseite"},"content":{"rendered":"<p><img decoding=\"async\" width=\"768\" height=\"768\" src=\"https:\/\/drmuratsongu.com\/wp-content\/uploads\/2023\/01\/Facetune_07-01-2023-17-25-49-768x768.jpg\" alt=\"\" srcset=\"https:\/\/drmuratsongu.com\/wp-content\/uploads\/2023\/01\/Facetune_07-01-2023-17-25-49-768x768.jpg 768w, https:\/\/drmuratsongu.com\/wp-content\/uploads\/2023\/01\/Facetune_07-01-2023-17-25-49-300x300.jpg 300w, https:\/\/drmuratsongu.com\/wp-content\/uploads\/2023\/01\/Facetune_07-01-2023-17-25-49-1024x1024.jpg 1024w, https:\/\/drmuratsongu.com\/wp-content\/uploads\/2023\/01\/Facetune_07-01-2023-17-25-49-150x150.jpg 150w, https:\/\/drmuratsongu.com\/wp-content\/uploads\/2023\/01\/Facetune_07-01-2023-17-25-49-1536x1536.jpg 1536w, https:\/\/drmuratsongu.com\/wp-content\/uploads\/2023\/01\/Facetune_07-01-2023-17-25-49-2048x2048.jpg 2048w, https:\/\/drmuratsongu.com\/wp-content\/uploads\/2023\/01\/Facetune_07-01-2023-17-25-49-770x770.jpg 770w\" sizes=\"(max-width: 768px) 100vw, 768px\" title=\"\">\t\t\t\t\t\t\t\t\t\t\t\t\t\t\t<\/p>\n<h2>\n\t\t\t\tProf. Dr. Murat Songu -Bester Nasenoperation Chirurg in der T\u00fcrkei<br \/>\n\t\t\t<\/h2>\n<p>Prof. DR. Murat Songu, mehr als 100 international und national ver\u00f6ffentlichte wissenschaftliche Studien; Er trug fast t\u00e4glich zur nationalen und internationalen medizinischen Literatur bei, mit zahlreichen internationalen und nationalen Artikeln, 8 internationalen Buchkapiteln, 9 nationalen Buchkapiteln und einem eingeladenen Redner bei fast 100 wissenschaftlichen Veranstaltungen.<\/p>\n<p>Mit insgesamt rund 1700 internationalen Zitierungen geh\u00f6rt er zu den \u00c4rzten mit den h\u00f6chsten H-Index- und i10-Index-Werten unter t\u00fcrkischen Wissenschaftlern.<\/p>\n<ul>\n<li>\n\t\t\t\t\t\t\t\t\t\t\t<a href=\"https:\/\/drmuratsongu.com\/de\/nasenkorrektur\/\"><br \/>\n\t\t\t\t\t\t\t\t\t\tNasenkorrektur<br \/>\n\t\t\t\t\t\t\t\t\t\t\t<\/a>\n\t\t\t\t\t\t\t\t\t<\/li>\n<li>\n\t\t\t\t\t\t\t\t\t\t\t<a href=\"https:\/\/drmuratsongu.com\/de\/calisma-alanlari\/otoplastik\"><br \/>\n\t\t\t\t\t\t\t\t\t\tOtoplastik<br \/>\n\t\t\t\t\t\t\t\t\t\t\t<\/a>\n\t\t\t\t\t\t\t\t\t<\/li>\n<\/ul>\n<p>\t\t\t\t\t\t\t\t\t\t\t\t\t\t\t<img decoding=\"async\" width=\"600\" height=\"500\" src=\"https:\/\/drmuratsongu.com\/wp-content\/uploads\/2023\/12\/Fonksiyonel-Burun-Estetigi-Izmir-600x500.jpg\" alt=\"\" title=\"\">\t\t\t\t\t\t\t\t\t\t\t\t\t\t\t<\/p>\n<h2>\n\t\t\t\tNasenkorrektur<br \/>\n\t\t\t<\/h2>\n<p>Die weltweit am h\u00e4ufigsten bei M\u00e4nnern und Frauen durchgef\u00fchrte plastische Chirurgie ist die \u201eRhinoplastik\u201c.<\/p>\n<p>Die Grundvoraussetzung f\u00fcr ein \u00e4sthetisches Erscheinungsbild ist die Sicherstellung der richtigen Proportionen und Symmetrie. Die Gesichtsstruktur ist bei jedem Patienten unterschiedlich. Aus diesem Grund sollte f\u00fcr jeden Patienten eine Nase entsprechend seiner Gesichtsstruktur geplant werden.<\/p>\n<p>Wenn die weltweit akzeptierten \u00e4sthetischen Proportionen mit Ihrem Gesicht harmonieren, f\u00fcgt sich Ihre neue Nase in Ihr Gesicht ein und erh\u00e4lt ein nat\u00fcrliches Aussehen. Das ist das ultimative Ziel, das ich pers\u00f6nlich seit fast 20 Jahren erreichen wollte.<\/p>\n<p>Nach einer Nasenkorrektur steigt das Selbstvertrauen des Patienten und die Lebensqualit\u00e4t steigt. Die gr\u00f6\u00dfte Ver\u00e4nderung ist jedoch die \u201eIllusion der Verj\u00fcngung\u201c, die insbesondere bei Patienten mit langen Nasen zu beobachten ist. Patienten sehen nach der Operation mindestens 10 Jahre j\u00fcnger aus.<\/p>\n<p>\t\t\t<a href=\"https:\/\/drmuratsongu.com\/de\/nasenkorrektur\/\"><br \/>\n\t\t\t\t\t\tErfahren Sie mehr \u00fcber Nasenkorrektur<br \/>\n\t\t\t\t\t<\/a><\/p>\n<h2>Praxisbereiche f\u00fcr Nasen\u00e4sthetik<\/h2>\n<p>\t\t\t\t\t\t\t\t\t\t\t\t\t\t\t\t<a href=\"https:\/\/drmuratsongu.com\/de\/nasenkorrektur\/offene-nasenkorrektur\/\"><br \/>\n\t\t\t\t\t\t\t<img decoding=\"async\" width=\"270\" height=\"450\" src=\"https:\/\/drmuratsongu.com\/wp-content\/uploads\/2023\/12\/acik-burun-ameliyati.jpg\" alt=\"\" srcset=\"https:\/\/drmuratsongu.com\/wp-content\/uploads\/2023\/12\/acik-burun-ameliyati.jpg 270w, https:\/\/drmuratsongu.com\/wp-content\/uploads\/2023\/12\/acik-burun-ameliyati-180x300.jpg 180w\" sizes=\"(max-width: 270px) 100vw, 270px\" title=\"\">\t\t\t\t\t\t\t\t<\/a><\/p>\n<h3 style=\"text-align: center;\"><a href=\"https:\/\/drmuratsongu.com\/de\/nasenkorrektur\/offene-nasenkorrektur\/\"><strong>Offene Nasenkorrektur<\/strong><\/a><\/h3>\n<p>\t\t\t\t\t\t\t\t\t\t\t\t\t\t\t\t<a href=\"https:\/\/drmuratsongu.com\/de\/nasenkorrektur\/spitze-nasenkorrektur\/\"><br \/>\n\t\t\t\t\t\t\t<img decoding=\"async\" width=\"270\" height=\"450\" src=\"https:\/\/drmuratsongu.com\/wp-content\/uploads\/2023\/12\/burun-ucu-estetigi.jpg\" alt=\"\" srcset=\"https:\/\/drmuratsongu.com\/wp-content\/uploads\/2023\/12\/burun-ucu-estetigi.jpg 270w, https:\/\/drmuratsongu.com\/wp-content\/uploads\/2023\/12\/burun-ucu-estetigi-180x300.jpg 180w\" sizes=\"(max-width: 270px) 100vw, 270px\" title=\"\">\t\t\t\t\t\t\t\t<\/a><\/p>\n<h3 style=\"text-align: center;\"><a href=\"https:\/\/drmuratsongu.com\/de\/nasenkorrektur\/spitze-nasenkorrektur\/\"><strong>\u00c4sthetik der Nasenspitze<\/strong><\/a><\/h3>\n<p>\t\t\t\t\t\t\t\t\t\t\t\t\t\t\t\t<a href=\"https:\/\/drmuratsongu.com\/de\/nasenkorrektur\/revisions-nasenkorrektur\/\"><br \/>\n\t\t\t\t\t\t\t<img decoding=\"async\" width=\"270\" height=\"450\" src=\"https:\/\/drmuratsongu.com\/wp-content\/uploads\/2023\/12\/Revizyon-Rinoplasti.jpg\" alt=\"\" srcset=\"https:\/\/drmuratsongu.com\/wp-content\/uploads\/2023\/12\/Revizyon-Rinoplasti.jpg 270w, https:\/\/drmuratsongu.com\/wp-content\/uploads\/2023\/12\/Revizyon-Rinoplasti-180x300.jpg 180w\" sizes=\"(max-width: 270px) 100vw, 270px\" title=\"\">\t\t\t\t\t\t\t\t<\/a><\/p>\n<h3 style=\"text-align: center;\"><a href=\"https:\/\/drmuratsongu.com\/de\/nasenkorrektur\/revisions-nasenkorrektur\/\"><strong>Revisions-Nasenkorrektur<\/strong><\/a><\/h3>\n<p>\t\t\t\t\t\t\t\t\t\t\t\t\t\t\t\t<a href=\"https:\/\/drmuratsongu.com\/de\/nasenkorrektur\/piezo-rhinoplastik\/\"><br \/>\n\t\t\t\t\t\t\t<img decoding=\"async\" width=\"270\" height=\"450\" src=\"https:\/\/drmuratsongu.com\/wp-content\/uploads\/2023\/12\/erkek-burun-estetigi.jpg\" alt=\"\" srcset=\"https:\/\/drmuratsongu.com\/wp-content\/uploads\/2023\/12\/erkek-burun-estetigi.jpg 270w, https:\/\/drmuratsongu.com\/wp-content\/uploads\/2023\/12\/erkek-burun-estetigi-180x300.jpg 180w\" sizes=\"(max-width: 270px) 100vw, 270px\" title=\"\">\t\t\t\t\t\t\t\t<\/a><\/p>\n<h3 style=\"text-align: center;\"><a href=\"https:\/\/drmuratsongu.com\/de\/nasenkorrektur\/piezo-rhinoplastik\/\">Piezo-Rhinoplastik<\/a><\/h3>\n<h2>\n\t\t\t\tAuszeichnungen<br \/>\n\t\t\t<\/h2>\n<figure><img decoding=\"async\" src=\"https:\/\/drmuratsongu.com\/wp-content\/uploads\/2023\/12\/1.jpg\" alt=\"1\" title=\"\"><\/figure>\n<figure><img decoding=\"async\" src=\"https:\/\/drmuratsongu.com\/wp-content\/uploads\/2023\/12\/2.jpg\" alt=\"2\" title=\"\"><\/figure>\n<figure><img decoding=\"async\" src=\"https:\/\/drmuratsongu.com\/wp-content\/uploads\/2023\/12\/3.jpg\" alt=\"3\" title=\"\"><\/figure>\n<figure><img decoding=\"async\" src=\"https:\/\/drmuratsongu.com\/wp-content\/uploads\/2023\/12\/4.jpg\" alt=\"4\" title=\"\"><\/figure>\n<figure><img decoding=\"async\" src=\"https:\/\/drmuratsongu.com\/wp-content\/uploads\/2023\/12\/5.jpg\" alt=\"5\" title=\"\"><\/figure>\n<figure><img decoding=\"async\" src=\"https:\/\/drmuratsongu.com\/wp-content\/uploads\/2023\/12\/6.jpg\" alt=\"6\" title=\"\"><\/figure>\n<figure><img decoding=\"async\" src=\"https:\/\/drmuratsongu.com\/wp-content\/uploads\/2023\/12\/7.jpg\" alt=\"7\" title=\"\"><\/figure>\n<figure><img decoding=\"async\" src=\"https:\/\/drmuratsongu.com\/wp-content\/uploads\/2023\/12\/8.jpg\" alt=\"8\" title=\"\"><\/figure>\n<figure><img decoding=\"async\" src=\"https:\/\/drmuratsongu.com\/wp-content\/uploads\/2023\/12\/9.jpg\" alt=\"9\" title=\"\"><\/figure>\n<figure><img decoding=\"async\" src=\"https:\/\/drmuratsongu.com\/wp-content\/uploads\/2023\/12\/10.jpg\" alt=\"10\" title=\"\"><\/figure>\n<figure><img decoding=\"async\" src=\"https:\/\/drmuratsongu.com\/wp-content\/uploads\/2023\/12\/11.jpg\" alt=\"11\" title=\"\"><\/figure>\n<figure><img decoding=\"async\" src=\"https:\/\/drmuratsongu.com\/wp-content\/uploads\/2023\/12\/12.jpg\" alt=\"12\" title=\"\"><\/figure>\n<p>\t\t\t<a href=\"https:\/\/drmuratsongu.com\/de\/auszeichnungen\/\"><br \/>\n\t\t\t\t\t\tAlle Auszeichnungen ansehen<br \/>\n\t\t\t\t\t<\/a><\/p>\n","protected":false},"excerpt":{"rendered":"<p>Prof. Dr. Murat Songu -Bester Nasenoperation Chirurg in der T\u00fcrkei Prof. DR. Murat Songu, mehr als 100 international und national ver\u00f6ffentlichte wissenschaftliche Studien; Er trug fast t\u00e4glich zur nationalen und internationalen medizinischen Literatur bei, mit zahlreichen internationalen und nationalen Artikeln, 8 internationalen Buchkapiteln, 9 nationalen Buchkapiteln und einem eingeladenen Redner bei fast 100 wissenschaftlichen Veranstaltungen. [&#8230;]\n","protected":false},"author":5,"featured_media":0,"parent":0,"menu_order":0,"comment_status":"closed","ping_status":"closed","template":"","meta":{"footnotes":""},"class_list":["post-25881","page","type-page","status-publish","hentry"],"_links":{"self":[{"href":"https:\/\/drmuratsongu.com\/de\/wp-json\/wp\/v2\/pages\/25881","targetHints":{"allow":["GET"]}}],"collection":[{"href":"https:\/\/drmuratsongu.com\/de\/wp-json\/wp\/v2\/pages"}],"about":[{"href":"https:\/\/drmuratsongu.com\/de\/wp-json\/wp\/v2\/types\/page"}],"author":[{"embeddable":true,"href":"https:\/\/drmuratsongu.com\/de\/wp-json\/wp\/v2\/users\/5"}],"replies":[{"embeddable":true,"href":"https:\/\/drmuratsongu.com\/de\/wp-json\/wp\/v2\/comments?post=25881"}],"version-history":[{"count":3,"href":"https:\/\/drmuratsongu.com\/de\/wp-json\/wp\/v2\/pages\/25881\/revisions"}],"predecessor-version":[{"id":28525,"href":"https:\/\/drmuratsongu.com\/de\/wp-json\/wp\/v2\/pages\/25881\/revisions\/28525"}],"wp:attachment":[{"href":"https:\/\/drmuratsongu.com\/de\/wp-json\/wp\/v2\/media?parent=25881"}],"curies":[{"name":"wp","href":"https:\/\/api.w.org\/{rel}","templated":true}]}}