{"id":45524,"date":"2025-05-16T11:12:40","date_gmt":"2025-05-16T11:12:40","guid":{"rendered":"https:\/\/drmuratsongu.com\/?page_id=45524"},"modified":"2025-09-09T12:33:58","modified_gmt":"2025-09-09T12:33:58","slug":"kinnimplantate-vorher-nachher-fotos","status":"publish","type":"page","link":"https:\/\/drmuratsongu.com\/de\/vorher-nachher-galerie\/kinnimplantate-vorher-nachher-fotos\/","title":{"rendered":"Kinnimplantate Vorher-Nachher-Fotos"},"content":{"rendered":"\n\t<section class=\"section\" id=\"section_1031942522\">\n\t\t<div class=\"section-bg fill\" >\n\t\t\t<img decoding=\"async\" width=\"1920\" height=\"850\" src=\"https:\/\/drmuratsongu.com\/wp-content\/uploads\/2024\/07\/muratsonguslider_1920x850.jpg\" class=\"bg attachment- size-\" alt=\"\" title=\"\">\t\t\t\t\t\t<div class=\"section-bg-overlay absolute fill\"><\/div>\n\t\t\t\n\n\t\t<\/div>\n\n\t\t\n\n\t\t<div class=\"section-content relative\">\n\t\t\t\n  <div id=\"page-header-295793187\" class=\"page-header-wrapper\">\n  <div class=\"page-title light simple-title\">\n\n    \n    <div class=\"page-title-inner container align-center flex-row medium-flex-wrap\" >\n              <div class=\"title-wrapper flex-col text-left medium-text-center\">\n          <h1 class=\"entry-title mb-0\">\n            Kinnimplantate Vorher-Nachher-Fotos          <\/h1>\n        <\/div>\n                    <div class=\"title-content flex-col flex-right text-right medium-text-center\">\n        <div class=\"title-breadcrumbs pb-half pt-half\"><\/div>      <\/div>\n    <\/div>\n\n       <\/div>\n    <\/div>\n  \n\t\t<\/div>\n\n\t\t\n<style>\n#section_1031942522 {\n  padding-top: 30px;\n  padding-bottom: 30px;\n}\n#section_1031942522 .section-bg-overlay {\n  background-color: rgba(255, 255, 255, 0.5);\n}\n#section_1031942522 .section-bg img {\n  object-position: 24% 42%;\n}\n<\/style>\n\t<\/section>\n\t\n\n\t<section class=\"section\" id=\"section_1832966428\">\n\t\t<div class=\"section-bg fill\" >\n\t\t\t\t\t\t\t\t\t\n\t\t\t\n\n\t\t<\/div>\n\n\t\t\n\n\t\t<div class=\"section-content relative\">\n\t\t\t\n<div class=\"row\"  id=\"row-443391318\">\n\n\t<div id=\"col-82979464\" class=\"col border-gorsel small-12 large-12\"  >\n\t\t\t\t<div class=\"col-inner\"  >\n\t\t\t\n\t\t\t\n<p>Entdecken Sie, wie Kinnimplantate das Gesichts\u00adgleichgewicht verbessern und Ihr Profil st\u00e4rken k\u00f6nnen \u2013 mit echten Vorher-Nachher-Fotos von Prof. Dr. Murat Songu, einem erfahrenen HNO-Chirurgen mit Spezialisierung auf Gesichts\u00e4sthetik. Eine Kinnvergr\u00f6\u00dferung wird h\u00e4ufig mit einer Nasen-OP oder anderen Gesichts\u00adeingriffen kombiniert, um optimale Harmonie und ein definierteres Erscheinungsbild zu erzielen.<\/p>\n<p>Unsere Fotogalerie zeigt nat\u00fcrlich wirkende Ergebnisse bei Patienten, die sich eine markantere Kieferlinie, verbesserte Gesichtsproportionen oder die Korrektur eines zur\u00fcckliegenden Kinns w\u00fcnschten. Jeder Eingriff wird individuell an die Anatomie und die \u00e4sthetischen Ziele des Patienten angepasst, um ein personalisiertes Ergebnis sicherzustellen.<\/p>\n<p>Dank des tiefen Verst\u00e4ndnisses von Prof. Dr. Songu f\u00fcr die Gesichtsstruktur, insbesondere im Einklang mit der Nasenanatomie, wird die Kinnimplantat-Chirurgie mit Pr\u00e4zision und Sicherheit durchgef\u00fchrt. Durchst\u00f6bern Sie die Galerie, um die transformativen Ergebnisse zu sehen und sich Ihre m\u00f6gliche Verbesserung vorzustellen.<\/p>\n<p>Kontaktieren Sie uns noch heute, um einen Beratungstermin zu vereinbaren und zu erfahren, wie Kinnimplantate Ihre Gesichtsz\u00fcge durch die fachkundige Betreuung eines HNO-Spezialisten erg\u00e4nzen k\u00f6nnen.<\/p>\n\n  \n    <div class=\"row border-gorsel large-columns-3 medium-columns- small-columns-2\" >\n  <div class=\"gallery-col col\" >\n          <div class=\"col-inner\">\n            <a class=\"image-lightbox lightbox-gallery\" href=\"https:\/\/drmuratsongu.com\/wp-content\/uploads\/2025\/09\/Kinnimplantate-Vorher-Nachher-Fotos-1.webp\" title=\"\">            <div class=\"box has-hover gallery-box box-default\">\n              <div class=\"box-image image-cover\" style=\"padding-top:75%;\">\n                <img decoding=\"async\" width=\"640\" height=\"426\" src=\"https:\/\/drmuratsongu.com\/wp-content\/uploads\/2025\/09\/Kinnimplantate-Vorher-Nachher-Fotos-1.webp\" class=\"border-gorsel\" alt=\"\" ids=\"70903,70919,70935,70951,70967,70983\" style=\"default\" columns=\"3\" image_height=\"75%\" image_size=\"2048x2048\" srcset=\"https:\/\/drmuratsongu.com\/wp-content\/uploads\/2025\/09\/Kinnimplantate-Vorher-Nachher-Fotos-1.webp 640w, https:\/\/drmuratsongu.com\/wp-content\/uploads\/2025\/09\/Kinnimplantate-Vorher-Nachher-Fotos-1-601x400.webp 601w\" sizes=\"(max-width: 640px) 100vw, 640px\" title=\"\">                                                              <\/div>\n              <div class=\"box-text text-left\" >\n                 <p><\/p>\n              <\/div>\n            <\/div>\n            <\/a>          <\/div>\n         <\/div><div class=\"gallery-col col\" >\n          <div class=\"col-inner\">\n            <a class=\"image-lightbox lightbox-gallery\" href=\"https:\/\/drmuratsongu.com\/wp-content\/uploads\/2025\/09\/Kinnimplantate-Vorher-Nachher-Fotos-2.webp\" title=\"\">            <div class=\"box has-hover gallery-box box-default\">\n              <div class=\"box-image image-cover\" style=\"padding-top:75%;\">\n                <img decoding=\"async\" width=\"640\" height=\"269\" src=\"https:\/\/drmuratsongu.com\/wp-content\/uploads\/2025\/09\/Kinnimplantate-Vorher-Nachher-Fotos-2.webp\" class=\"border-gorsel\" alt=\"\" ids=\"70903,70919,70935,70951,70967,70983\" style=\"default\" columns=\"3\" image_height=\"75%\" image_size=\"2048x2048\" title=\"\">                                                              <\/div>\n              <div class=\"box-text text-left\" >\n                 <p><\/p>\n              <\/div>\n            <\/div>\n            <\/a>          <\/div>\n         <\/div><div class=\"gallery-col col\" >\n          <div class=\"col-inner\">\n            <a class=\"image-lightbox lightbox-gallery\" href=\"https:\/\/drmuratsongu.com\/wp-content\/uploads\/2025\/09\/Kinnimplantate-Vorher-Nachher-Fotos-3.webp\" title=\"\">            <div class=\"box has-hover gallery-box box-default\">\n              <div class=\"box-image image-cover\" style=\"padding-top:75%;\">\n                <img decoding=\"async\" width=\"640\" height=\"267\" src=\"https:\/\/drmuratsongu.com\/wp-content\/uploads\/2025\/09\/Kinnimplantate-Vorher-Nachher-Fotos-3.webp\" class=\"border-gorsel\" alt=\"\" ids=\"70903,70919,70935,70951,70967,70983\" style=\"default\" columns=\"3\" image_height=\"75%\" image_size=\"2048x2048\" title=\"\">                                                              <\/div>\n              <div class=\"box-text text-left\" >\n                 <p><\/p>\n              <\/div>\n            <\/div>\n            <\/a>          <\/div>\n         <\/div><div class=\"gallery-col col\" >\n          <div class=\"col-inner\">\n            <a class=\"image-lightbox lightbox-gallery\" href=\"https:\/\/drmuratsongu.com\/wp-content\/uploads\/2025\/09\/Kinnimplantate-Vorher-Nachher-Fotos-4.webp\" title=\"\">            <div class=\"box has-hover gallery-box box-default\">\n              <div class=\"box-image image-cover\" style=\"padding-top:75%;\">\n                <img decoding=\"async\" width=\"640\" height=\"415\" src=\"https:\/\/drmuratsongu.com\/wp-content\/uploads\/2025\/09\/Kinnimplantate-Vorher-Nachher-Fotos-4.webp\" class=\"border-gorsel\" alt=\"\" ids=\"70903,70919,70935,70951,70967,70983\" style=\"default\" columns=\"3\" image_height=\"75%\" image_size=\"2048x2048\" srcset=\"https:\/\/drmuratsongu.com\/wp-content\/uploads\/2025\/09\/Kinnimplantate-Vorher-Nachher-Fotos-4.webp 640w, https:\/\/drmuratsongu.com\/wp-content\/uploads\/2025\/09\/Kinnimplantate-Vorher-Nachher-Fotos-4-617x400.webp 617w\" sizes=\"(max-width: 640px) 100vw, 640px\" title=\"\">                                                              <\/div>\n              <div class=\"box-text text-left\" >\n                 <p><\/p>\n              <\/div>\n            <\/div>\n            <\/a>          <\/div>\n         <\/div><div class=\"gallery-col col\" >\n          <div class=\"col-inner\">\n            <a class=\"image-lightbox lightbox-gallery\" href=\"https:\/\/drmuratsongu.com\/wp-content\/uploads\/2025\/09\/Kinnimplantate-Vorher-Nachher-Fotos-5-640x800.webp\" title=\"\">            <div class=\"box has-hover gallery-box box-default\">\n              <div class=\"box-image image-cover\" style=\"padding-top:75%;\">\n                <img decoding=\"async\" width=\"1639\" height=\"2048\" src=\"https:\/\/drmuratsongu.com\/wp-content\/uploads\/2025\/09\/Kinnimplantate-Vorher-Nachher-Fotos-5-1639x2048.webp\" class=\"border-gorsel\" alt=\"\" ids=\"70903,70919,70935,70951,70967,70983\" style=\"default\" columns=\"3\" image_height=\"75%\" image_size=\"2048x2048\" srcset=\"https:\/\/drmuratsongu.com\/wp-content\/uploads\/2025\/09\/Kinnimplantate-Vorher-Nachher-Fotos-5-1639x2048.webp 1639w, https:\/\/drmuratsongu.com\/wp-content\/uploads\/2025\/09\/Kinnimplantate-Vorher-Nachher-Fotos-5-320x400.webp 320w, https:\/\/drmuratsongu.com\/wp-content\/uploads\/2025\/09\/Kinnimplantate-Vorher-Nachher-Fotos-5-640x800.webp 640w, https:\/\/drmuratsongu.com\/wp-content\/uploads\/2025\/09\/Kinnimplantate-Vorher-Nachher-Fotos-5-768x960.webp 768w, https:\/\/drmuratsongu.com\/wp-content\/uploads\/2025\/09\/Kinnimplantate-Vorher-Nachher-Fotos-5-1229x1536.webp 1229w, https:\/\/drmuratsongu.com\/wp-content\/uploads\/2025\/09\/Kinnimplantate-Vorher-Nachher-Fotos-5-scaled.webp 2048w\" sizes=\"(max-width: 1639px) 100vw, 1639px\" title=\"\">                                                              <\/div>\n              <div class=\"box-text text-left\" >\n                 <p><\/p>\n              <\/div>\n            <\/div>\n            <\/a>          <\/div>\n         <\/div><div class=\"gallery-col col\" >\n          <div class=\"col-inner\">\n            <a class=\"image-lightbox lightbox-gallery\" href=\"https:\/\/drmuratsongu.com\/wp-content\/uploads\/2025\/09\/Kinnimplantate-Vorher-Nachher-Fotos-6-640x800.webp\" title=\"\">            <div class=\"box has-hover gallery-box box-default\">\n              <div class=\"box-image image-cover\" style=\"padding-top:75%;\">\n                <img decoding=\"async\" width=\"1639\" height=\"2048\" src=\"https:\/\/drmuratsongu.com\/wp-content\/uploads\/2025\/09\/Kinnimplantate-Vorher-Nachher-Fotos-6-1639x2048.webp\" class=\"border-gorsel\" alt=\"\" ids=\"70903,70919,70935,70951,70967,70983\" style=\"default\" columns=\"3\" image_height=\"75%\" image_size=\"2048x2048\" srcset=\"https:\/\/drmuratsongu.com\/wp-content\/uploads\/2025\/09\/Kinnimplantate-Vorher-Nachher-Fotos-6-1639x2048.webp 1639w, https:\/\/drmuratsongu.com\/wp-content\/uploads\/2025\/09\/Kinnimplantate-Vorher-Nachher-Fotos-6-320x400.webp 320w, https:\/\/drmuratsongu.com\/wp-content\/uploads\/2025\/09\/Kinnimplantate-Vorher-Nachher-Fotos-6-640x800.webp 640w, https:\/\/drmuratsongu.com\/wp-content\/uploads\/2025\/09\/Kinnimplantate-Vorher-Nachher-Fotos-6-768x960.webp 768w, https:\/\/drmuratsongu.com\/wp-content\/uploads\/2025\/09\/Kinnimplantate-Vorher-Nachher-Fotos-6-1229x1536.webp 1229w, https:\/\/drmuratsongu.com\/wp-content\/uploads\/2025\/09\/Kinnimplantate-Vorher-Nachher-Fotos-6-scaled.webp 2048w\" sizes=\"(max-width: 1639px) 100vw, 1639px\" title=\"\">                                                              <\/div>\n              <div class=\"box-text text-left\" >\n                 <p><\/p>\n              <\/div>\n            <\/div>\n            <\/a>          <\/div>\n         <\/div><\/div>\n\t\t<\/div>\n\t\t\t\t\t<\/div>\n\n\t\n<\/div>\n\t\t<\/div>\n\n\t\t\n<style>\n#section_1832966428 {\n  padding-top: 30px;\n  padding-bottom: 30px;\n}\n<\/style>\n\t<\/section>\n\t\n","protected":false},"excerpt":{"rendered":"","protected":false},"author":5,"featured_media":0,"parent":25773,"menu_order":0,"comment_status":"closed","ping_status":"closed","template":"page-blank.php","meta":{"footnotes":""},"class_list":["post-45524","page","type-page","status-publish","hentry"],"_links":{"self":[{"href":"https:\/\/drmuratsongu.com\/de\/wp-json\/wp\/v2\/pages\/45524","targetHints":{"allow":["GET"]}}],"collection":[{"href":"https:\/\/drmuratsongu.com\/de\/wp-json\/wp\/v2\/pages"}],"about":[{"href":"https:\/\/drmuratsongu.com\/de\/wp-json\/wp\/v2\/types\/page"}],"author":[{"embeddable":true,"href":"https:\/\/drmuratsongu.com\/de\/wp-json\/wp\/v2\/users\/5"}],"replies":[{"embeddable":true,"href":"https:\/\/drmuratsongu.com\/de\/wp-json\/wp\/v2\/comments?post=45524"}],"version-history":[{"count":3,"href":"https:\/\/drmuratsongu.com\/de\/wp-json\/wp\/v2\/pages\/45524\/revisions"}],"predecessor-version":[{"id":70999,"href":"https:\/\/drmuratsongu.com\/de\/wp-json\/wp\/v2\/pages\/45524\/revisions\/70999"}],"up":[{"embeddable":true,"href":"https:\/\/drmuratsongu.com\/de\/wp-json\/wp\/v2\/pages\/25773"}],"wp:attachment":[{"href":"https:\/\/drmuratsongu.com\/de\/wp-json\/wp\/v2\/media?parent=45524"}],"curies":[{"name":"wp","href":"https:\/\/api.w.org\/{rel}","templated":true}]}}