{"id":45529,"date":"2025-05-16T11:14:44","date_gmt":"2025-05-16T11:14:44","guid":{"rendered":"https:\/\/drmuratsongu.com\/?page_id=45529"},"modified":"2025-09-09T12:50:00","modified_gmt":"2025-09-09T12:50:00","slug":"fotos-de-antes-y-despues-de-implantes-de-menton","status":"publish","type":"page","link":"https:\/\/drmuratsongu.com\/es\/galeria-de-antes-y-despues\/fotos-de-antes-y-despues-de-implantes-de-menton\/","title":{"rendered":"Fotos de Antes y Despu\u00e9s de Implantes de Ment\u00f3n"},"content":{"rendered":"\n\t<section class=\"section\" id=\"section_650802838\">\n\t\t<div class=\"section-bg fill\" >\n\t\t\t<img decoding=\"async\" width=\"1920\" height=\"850\" src=\"https:\/\/drmuratsongu.com\/wp-content\/uploads\/2024\/07\/muratsonguslider_1920x850.jpg\" class=\"bg attachment- size-\" alt=\"\" title=\"\">\t\t\t\t\t\t<div class=\"section-bg-overlay absolute fill\"><\/div>\n\t\t\t\n\n\t\t<\/div>\n\n\t\t\n\n\t\t<div class=\"section-content relative\">\n\t\t\t\n  <div id=\"page-header-1655364996\" class=\"page-header-wrapper\">\n  <div class=\"page-title light simple-title\">\n\n    \n    <div class=\"page-title-inner container align-center flex-row medium-flex-wrap\" >\n              <div class=\"title-wrapper flex-col text-left medium-text-center\">\n          <h1 class=\"entry-title mb-0\">\n            Fotos de Antes y Despu\u00e9s de Implantes de Ment\u00f3n          <\/h1>\n        <\/div>\n                    <div class=\"title-content flex-col flex-right text-right medium-text-center\">\n        <div class=\"title-breadcrumbs pb-half pt-half\"><\/div>      <\/div>\n    <\/div>\n\n       <\/div>\n    <\/div>\n  \n\t\t<\/div>\n\n\t\t\n<style>\n#section_650802838 {\n  padding-top: 30px;\n  padding-bottom: 30px;\n}\n#section_650802838 .section-bg-overlay {\n  background-color: rgba(255, 255, 255, 0.5);\n}\n#section_650802838 .section-bg img {\n  object-position: 24% 42%;\n}\n<\/style>\n\t<\/section>\n\t\n\n\t<section class=\"section\" id=\"section_512834043\">\n\t\t<div class=\"section-bg fill\" >\n\t\t\t\t\t\t\t\t\t\n\t\t\t\n\n\t\t<\/div>\n\n\t\t\n\n\t\t<div class=\"section-content relative\">\n\t\t\t\n<div class=\"row\"  id=\"row-790850281\">\n\n\t<div id=\"col-534773026\" class=\"col border-gorsel small-12 large-12\"  >\n\t\t\t\t<div class=\"col-inner\"  >\n\t\t\t\n\t\t\t\n<p>Descubre c\u00f3mo los implantes de ment\u00f3n pueden mejorar el equilibrio facial y reforzar tu perfil con fotos reales de antes y despu\u00e9s del Prof. Dr. Murat Songu, un cirujano ORL con amplia experiencia en est\u00e9tica facial. El aumento de ment\u00f3n suele combinarse con rinoplastia u otros procedimientos faciales para lograr una armon\u00eda \u00f3ptima y una apariencia m\u00e1s definida.<\/p>\n<p>Nuestra galer\u00eda fotogr\u00e1fica muestra resultados naturales en pacientes que deseaban una mand\u00edbula m\u00e1s marcada, mejores proporciones faciales o la correcci\u00f3n de un ment\u00f3n retra\u00eddo. Cada procedimiento se adapta a la anatom\u00eda y los objetivos est\u00e9ticos del paciente para asegurar resultados personalizados.<\/p>\n<p>Con el profundo conocimiento del Prof. Dr. Songu sobre la estructura facial, especialmente en armon\u00eda con la anatom\u00eda nasal, la cirug\u00eda de implantes de ment\u00f3n se realiza con precisi\u00f3n y seguridad. Explora la galer\u00eda para ver los resultados transformadores e imaginar tu posible mejora.<\/p>\n<p>Cont\u00e1ctanos hoy mismo para agendar tu consulta y descubre c\u00f3mo los implantes de ment\u00f3n pueden complementar tus rasgos faciales con el cuidado experto de un especialista en ORL.<\/p>\n\n  \n    <div class=\"row border-gorsel large-columns-3 medium-columns- small-columns-2\" >\n  <div class=\"gallery-col col\" >\n          <div class=\"col-inner\">\n            <a class=\"image-lightbox lightbox-gallery\" href=\"https:\/\/drmuratsongu.com\/wp-content\/uploads\/2025\/09\/Fotos-de-Antes-y-Despues-de-Implantes-de-Menton-1.webp\" title=\"\">            <div class=\"box has-hover gallery-box box-default\">\n              <div class=\"box-image image-cover\" style=\"padding-top:75%;\">\n                <img decoding=\"async\" width=\"640\" height=\"426\" src=\"https:\/\/drmuratsongu.com\/wp-content\/uploads\/2025\/09\/Fotos-de-Antes-y-Despues-de-Implantes-de-Menton-1.webp\" class=\"border-gorsel\" alt=\"\" ids=\"71695,71711,71727,71743,71759,71775\" style=\"default\" columns=\"3\" image_height=\"75%\" image_size=\"2048x2048\" srcset=\"https:\/\/drmuratsongu.com\/wp-content\/uploads\/2025\/09\/Fotos-de-Antes-y-Despues-de-Implantes-de-Menton-1.webp 640w, https:\/\/drmuratsongu.com\/wp-content\/uploads\/2025\/09\/Fotos-de-Antes-y-Despues-de-Implantes-de-Menton-1-601x400.webp 601w\" sizes=\"(max-width: 640px) 100vw, 640px\" title=\"\">                                                              <\/div>\n              <div class=\"box-text text-left\" >\n                 <p><\/p>\n              <\/div>\n            <\/div>\n            <\/a>          <\/div>\n         <\/div><div class=\"gallery-col col\" >\n          <div class=\"col-inner\">\n            <a class=\"image-lightbox lightbox-gallery\" href=\"https:\/\/drmuratsongu.com\/wp-content\/uploads\/2025\/09\/Fotos-de-Antes-y-Despues-de-Implantes-de-Menton-2.webp\" title=\"\">            <div class=\"box has-hover gallery-box box-default\">\n              <div class=\"box-image image-cover\" style=\"padding-top:75%;\">\n                <img decoding=\"async\" width=\"640\" height=\"269\" src=\"https:\/\/drmuratsongu.com\/wp-content\/uploads\/2025\/09\/Fotos-de-Antes-y-Despues-de-Implantes-de-Menton-2.webp\" class=\"border-gorsel\" alt=\"\" ids=\"71695,71711,71727,71743,71759,71775\" style=\"default\" columns=\"3\" image_height=\"75%\" image_size=\"2048x2048\" title=\"\">                                                              <\/div>\n              <div class=\"box-text text-left\" >\n                 <p><\/p>\n              <\/div>\n            <\/div>\n            <\/a>          <\/div>\n         <\/div><div class=\"gallery-col col\" >\n          <div class=\"col-inner\">\n            <a class=\"image-lightbox lightbox-gallery\" href=\"https:\/\/drmuratsongu.com\/wp-content\/uploads\/2025\/09\/Fotos-de-Antes-y-Despues-de-Implantes-de-Menton-3.webp\" title=\"\">            <div class=\"box has-hover gallery-box box-default\">\n              <div class=\"box-image image-cover\" style=\"padding-top:75%;\">\n                <img decoding=\"async\" width=\"640\" height=\"267\" src=\"https:\/\/drmuratsongu.com\/wp-content\/uploads\/2025\/09\/Fotos-de-Antes-y-Despues-de-Implantes-de-Menton-3.webp\" class=\"border-gorsel\" alt=\"\" ids=\"71695,71711,71727,71743,71759,71775\" style=\"default\" columns=\"3\" image_height=\"75%\" image_size=\"2048x2048\" title=\"\">                                                              <\/div>\n              <div class=\"box-text text-left\" >\n                 <p><\/p>\n              <\/div>\n            <\/div>\n            <\/a>          <\/div>\n         <\/div><div class=\"gallery-col col\" >\n          <div class=\"col-inner\">\n            <a class=\"image-lightbox lightbox-gallery\" href=\"https:\/\/drmuratsongu.com\/wp-content\/uploads\/2025\/09\/Fotos-de-Antes-y-Despues-de-Implantes-de-Menton-4.webp\" title=\"\">            <div class=\"box has-hover gallery-box box-default\">\n              <div class=\"box-image image-cover\" style=\"padding-top:75%;\">\n                <img decoding=\"async\" width=\"640\" height=\"415\" src=\"https:\/\/drmuratsongu.com\/wp-content\/uploads\/2025\/09\/Fotos-de-Antes-y-Despues-de-Implantes-de-Menton-4.webp\" class=\"border-gorsel\" alt=\"\" ids=\"71695,71711,71727,71743,71759,71775\" style=\"default\" columns=\"3\" image_height=\"75%\" image_size=\"2048x2048\" srcset=\"https:\/\/drmuratsongu.com\/wp-content\/uploads\/2025\/09\/Fotos-de-Antes-y-Despues-de-Implantes-de-Menton-4.webp 640w, https:\/\/drmuratsongu.com\/wp-content\/uploads\/2025\/09\/Fotos-de-Antes-y-Despues-de-Implantes-de-Menton-4-617x400.webp 617w\" sizes=\"(max-width: 640px) 100vw, 640px\" title=\"\">                                                              <\/div>\n              <div class=\"box-text text-left\" >\n                 <p><\/p>\n              <\/div>\n            <\/div>\n            <\/a>          <\/div>\n         <\/div><div class=\"gallery-col col\" >\n          <div class=\"col-inner\">\n            <a class=\"image-lightbox lightbox-gallery\" href=\"https:\/\/drmuratsongu.com\/wp-content\/uploads\/2025\/09\/Fotos-de-Antes-y-Despues-de-Implantes-de-Menton-5-640x800.webp\" title=\"\">            <div class=\"box has-hover gallery-box box-default\">\n              <div class=\"box-image image-cover\" style=\"padding-top:75%;\">\n                <img decoding=\"async\" width=\"1639\" height=\"2048\" src=\"https:\/\/drmuratsongu.com\/wp-content\/uploads\/2025\/09\/Fotos-de-Antes-y-Despues-de-Implantes-de-Menton-5-1639x2048.webp\" class=\"border-gorsel\" alt=\"\" ids=\"71695,71711,71727,71743,71759,71775\" style=\"default\" columns=\"3\" image_height=\"75%\" image_size=\"2048x2048\" srcset=\"https:\/\/drmuratsongu.com\/wp-content\/uploads\/2025\/09\/Fotos-de-Antes-y-Despues-de-Implantes-de-Menton-5-1639x2048.webp 1639w, https:\/\/drmuratsongu.com\/wp-content\/uploads\/2025\/09\/Fotos-de-Antes-y-Despues-de-Implantes-de-Menton-5-320x400.webp 320w, https:\/\/drmuratsongu.com\/wp-content\/uploads\/2025\/09\/Fotos-de-Antes-y-Despues-de-Implantes-de-Menton-5-640x800.webp 640w, https:\/\/drmuratsongu.com\/wp-content\/uploads\/2025\/09\/Fotos-de-Antes-y-Despues-de-Implantes-de-Menton-5-768x960.webp 768w, https:\/\/drmuratsongu.com\/wp-content\/uploads\/2025\/09\/Fotos-de-Antes-y-Despues-de-Implantes-de-Menton-5-1229x1536.webp 1229w, https:\/\/drmuratsongu.com\/wp-content\/uploads\/2025\/09\/Fotos-de-Antes-y-Despues-de-Implantes-de-Menton-5-scaled.webp 2048w\" sizes=\"(max-width: 1639px) 100vw, 1639px\" title=\"\">                                                              <\/div>\n              <div class=\"box-text text-left\" >\n                 <p><\/p>\n              <\/div>\n            <\/div>\n            <\/a>          <\/div>\n         <\/div><div class=\"gallery-col col\" >\n          <div class=\"col-inner\">\n            <a class=\"image-lightbox lightbox-gallery\" href=\"https:\/\/drmuratsongu.com\/wp-content\/uploads\/2025\/09\/Fotos-de-Antes-y-Despues-de-Implantes-de-Menton-6-640x800.webp\" title=\"\">            <div class=\"box has-hover gallery-box box-default\">\n              <div class=\"box-image image-cover\" style=\"padding-top:75%;\">\n                <img decoding=\"async\" width=\"1639\" height=\"2048\" src=\"https:\/\/drmuratsongu.com\/wp-content\/uploads\/2025\/09\/Fotos-de-Antes-y-Despues-de-Implantes-de-Menton-6-1639x2048.webp\" class=\"border-gorsel\" alt=\"\" ids=\"71695,71711,71727,71743,71759,71775\" style=\"default\" columns=\"3\" image_height=\"75%\" image_size=\"2048x2048\" srcset=\"https:\/\/drmuratsongu.com\/wp-content\/uploads\/2025\/09\/Fotos-de-Antes-y-Despues-de-Implantes-de-Menton-6-1639x2048.webp 1639w, https:\/\/drmuratsongu.com\/wp-content\/uploads\/2025\/09\/Fotos-de-Antes-y-Despues-de-Implantes-de-Menton-6-320x400.webp 320w, https:\/\/drmuratsongu.com\/wp-content\/uploads\/2025\/09\/Fotos-de-Antes-y-Despues-de-Implantes-de-Menton-6-640x800.webp 640w, https:\/\/drmuratsongu.com\/wp-content\/uploads\/2025\/09\/Fotos-de-Antes-y-Despues-de-Implantes-de-Menton-6-768x960.webp 768w, https:\/\/drmuratsongu.com\/wp-content\/uploads\/2025\/09\/Fotos-de-Antes-y-Despues-de-Implantes-de-Menton-6-1229x1536.webp 1229w, https:\/\/drmuratsongu.com\/wp-content\/uploads\/2025\/09\/Fotos-de-Antes-y-Despues-de-Implantes-de-Menton-6-scaled.webp 2048w\" sizes=\"(max-width: 1639px) 100vw, 1639px\" title=\"\">                                                              <\/div>\n              <div class=\"box-text text-left\" >\n                 <p><\/p>\n              <\/div>\n            <\/div>\n            <\/a>          <\/div>\n         <\/div><\/div>\n\t\t<\/div>\n\t\t\t\t\t<\/div>\n\n\t\n<\/div>\n\t\t<\/div>\n\n\t\t\n<style>\n#section_512834043 {\n  padding-top: 30px;\n  padding-bottom: 30px;\n}\n<\/style>\n\t<\/section>\n\t\n","protected":false},"excerpt":{"rendered":"","protected":false},"author":5,"featured_media":0,"parent":31844,"menu_order":0,"comment_status":"closed","ping_status":"closed","template":"page-blank.php","meta":{"footnotes":""},"class_list":["post-45529","page","type-page","status-publish","hentry"],"_links":{"self":[{"href":"https:\/\/drmuratsongu.com\/es\/wp-json\/wp\/v2\/pages\/45529","targetHints":{"allow":["GET"]}}],"collection":[{"href":"https:\/\/drmuratsongu.com\/es\/wp-json\/wp\/v2\/pages"}],"about":[{"href":"https:\/\/drmuratsongu.com\/es\/wp-json\/wp\/v2\/types\/page"}],"author":[{"embeddable":true,"href":"https:\/\/drmuratsongu.com\/es\/wp-json\/wp\/v2\/users\/5"}],"replies":[{"embeddable":true,"href":"https:\/\/drmuratsongu.com\/es\/wp-json\/wp\/v2\/comments?post=45529"}],"version-history":[{"count":3,"href":"https:\/\/drmuratsongu.com\/es\/wp-json\/wp\/v2\/pages\/45529\/revisions"}],"predecessor-version":[{"id":71791,"href":"https:\/\/drmuratsongu.com\/es\/wp-json\/wp\/v2\/pages\/45529\/revisions\/71791"}],"up":[{"embeddable":true,"href":"https:\/\/drmuratsongu.com\/es\/wp-json\/wp\/v2\/pages\/31844"}],"wp:attachment":[{"href":"https:\/\/drmuratsongu.com\/es\/wp-json\/wp\/v2\/media?parent=45529"}],"curies":[{"name":"wp","href":"https:\/\/api.w.org\/{rel}","templated":true}]}}