{"id":52245,"date":"2025-08-22T08:37:31","date_gmt":"2025-08-22T08:37:31","guid":{"rendered":"https:\/\/drmuratsongu.com\/?page_id=52245"},"modified":"2025-09-09T12:27:04","modified_gmt":"2025-09-09T12:27:04","slug":"implants-du-menton-avant-apres","status":"publish","type":"page","link":"https:\/\/drmuratsongu.com\/fr\/galerie\/implants-du-menton-avant-apres\/","title":{"rendered":"Implants du Menton Avant &#038; Apr\u00e8s"},"content":{"rendered":"\n\t<section class=\"section\" id=\"section_478306974\">\n\t\t<div class=\"section-bg fill\" >\n\t\t\t<img decoding=\"async\" width=\"1920\" height=\"850\" src=\"https:\/\/drmuratsongu.com\/wp-content\/uploads\/2024\/07\/muratsonguslider_1920x850.jpg\" class=\"bg attachment- size-\" alt=\"\" title=\"\">\t\t\t\t\t\t<div class=\"section-bg-overlay absolute fill\"><\/div>\n\t\t\t\n\n\t\t<\/div>\n\n\t\t\n\n\t\t<div class=\"section-content relative\">\n\t\t\t\n  <div id=\"page-header-1404831814\" class=\"page-header-wrapper\">\n  <div class=\"page-title light simple-title\">\n\n    \n    <div class=\"page-title-inner container align-center flex-row medium-flex-wrap\" >\n              <div class=\"title-wrapper flex-col text-left medium-text-center\">\n          <h1 class=\"entry-title mb-0\">\n            Implants du Menton Avant &#038; Apr\u00e8s          <\/h1>\n        <\/div>\n                    <div class=\"title-content flex-col flex-right text-right medium-text-center\">\n        <div class=\"title-breadcrumbs pb-half pt-half\"><\/div>      <\/div>\n    <\/div>\n\n       <\/div>\n    <\/div>\n  \n\t\t<\/div>\n\n\t\t\n<style>\n#section_478306974 {\n  padding-top: 30px;\n  padding-bottom: 30px;\n}\n#section_478306974 .section-bg-overlay {\n  background-color: rgba(255, 255, 255, 0.5);\n}\n#section_478306974 .section-bg img {\n  object-position: 24% 42%;\n}\n<\/style>\n\t<\/section>\n\t\n\n\t<section class=\"section\" id=\"section_544738068\">\n\t\t<div class=\"section-bg fill\" >\n\t\t\t\t\t\t\t\t\t\n\t\t\t\n\n\t\t<\/div>\n\n\t\t\n\n\t\t<div class=\"section-content relative\">\n\t\t\t\n<div class=\"row\"  id=\"row-663869985\">\n\n\t<div id=\"col-72124490\" class=\"col border-gorsel small-12 large-12\"  >\n\t\t\t\t<div class=\"col-inner\"  >\n\t\t\t\n\t\t\t\n<p>D\u00e9couvrez comment les implants au menton peuvent am\u00e9liorer l\u2019\u00e9quilibre du visage et renforcer votre profil gr\u00e2ce \u00e0 de vraies photos avant\/apr\u00e8s r\u00e9alis\u00e9es par le Prof. Dr. Murat Songu, chirurgien ORL exp\u00e9riment\u00e9 sp\u00e9cialis\u00e9 en esth\u00e9tique faciale. L\u2019augmentation du menton est souvent associ\u00e9e \u00e0 une rhinoplastie ou \u00e0 d\u2019autres interventions faciales afin d\u2019obtenir une harmonie optimale et un aspect plus d\u00e9fini.<\/p>\n<p>Notre galerie photo pr\u00e9sente des r\u00e9sultats naturels chez des patients souhaitant une m\u00e2choire plus marqu\u00e9e, de meilleures proportions faciales ou la correction d\u2019un menton fuyant. Chaque intervention est adapt\u00e9e \u00e0 l\u2019anatomie et aux objectifs esth\u00e9tiques de chaque patient pour garantir un r\u00e9sultat personnalis\u00e9.<\/p>\n<p>Gr\u00e2ce \u00e0 la compr\u00e9hension approfondie du Prof. Dr. Songu de la structure faciale, notamment en harmonie avec l\u2019anatomie nasale, la chirurgie d\u2019implant du menton est r\u00e9alis\u00e9e avec pr\u00e9cision et s\u00e9curit\u00e9. Parcourez la galerie pour d\u00e9couvrir les r\u00e9sultats transformateurs et imaginez votre propre am\u00e9lioration.<\/p>\n<p>Contactez-nous d\u00e8s aujourd\u2019hui pour planifier votre consultation et d\u00e9couvrez comment les implants au menton peuvent mettre en valeur vos traits avec des soins experts d\u2019un sp\u00e9cialiste ORL.<\/p>\n\n  \n    <div class=\"row border-gorsel large-columns-3 medium-columns- small-columns-2\" >\n  <div class=\"gallery-col col\" >\n          <div class=\"col-inner\">\n            <a class=\"image-lightbox lightbox-gallery\" href=\"https:\/\/drmuratsongu.com\/wp-content\/uploads\/2025\/09\/Implants-du-Menton-Avant-Apres-1.webp\" title=\"\">            <div class=\"box has-hover gallery-box box-default\">\n              <div class=\"box-image image-cover\" style=\"padding-top:75%;\">\n                <img decoding=\"async\" width=\"640\" height=\"426\" src=\"https:\/\/drmuratsongu.com\/wp-content\/uploads\/2025\/09\/Implants-du-Menton-Avant-Apres-1.webp\" class=\"border-gorsel\" alt=\"\" ids=\"70804,70820,70836,70852,70868,70884\" style=\"default\" columns=\"3\" image_height=\"75%\" image_size=\"2048x2048\" srcset=\"https:\/\/drmuratsongu.com\/wp-content\/uploads\/2025\/09\/Implants-du-Menton-Avant-Apres-1.webp 640w, https:\/\/drmuratsongu.com\/wp-content\/uploads\/2025\/09\/Implants-du-Menton-Avant-Apres-1-601x400.webp 601w\" sizes=\"(max-width: 640px) 100vw, 640px\" title=\"\">                                                              <\/div>\n              <div class=\"box-text text-left\" >\n                 <p><\/p>\n              <\/div>\n            <\/div>\n            <\/a>          <\/div>\n         <\/div><div class=\"gallery-col col\" >\n          <div class=\"col-inner\">\n            <a class=\"image-lightbox lightbox-gallery\" href=\"https:\/\/drmuratsongu.com\/wp-content\/uploads\/2025\/09\/Implants-du-Menton-Avant-Apres-2.webp\" title=\"\">            <div class=\"box has-hover gallery-box box-default\">\n              <div class=\"box-image image-cover\" style=\"padding-top:75%;\">\n                <img decoding=\"async\" width=\"640\" height=\"269\" src=\"https:\/\/drmuratsongu.com\/wp-content\/uploads\/2025\/09\/Implants-du-Menton-Avant-Apres-2.webp\" class=\"border-gorsel\" alt=\"\" ids=\"70804,70820,70836,70852,70868,70884\" style=\"default\" columns=\"3\" image_height=\"75%\" image_size=\"2048x2048\" title=\"\">                                                              <\/div>\n              <div class=\"box-text text-left\" >\n                 <p><\/p>\n              <\/div>\n            <\/div>\n            <\/a>          <\/div>\n         <\/div><div class=\"gallery-col col\" >\n          <div class=\"col-inner\">\n            <a class=\"image-lightbox lightbox-gallery\" href=\"https:\/\/drmuratsongu.com\/wp-content\/uploads\/2025\/09\/Implants-du-Menton-Avant-Apres-3.webp\" title=\"\">            <div class=\"box has-hover gallery-box box-default\">\n              <div class=\"box-image image-cover\" style=\"padding-top:75%;\">\n                <img decoding=\"async\" width=\"640\" height=\"267\" src=\"https:\/\/drmuratsongu.com\/wp-content\/uploads\/2025\/09\/Implants-du-Menton-Avant-Apres-3.webp\" class=\"border-gorsel\" alt=\"\" ids=\"70804,70820,70836,70852,70868,70884\" style=\"default\" columns=\"3\" image_height=\"75%\" image_size=\"2048x2048\" title=\"\">                                                              <\/div>\n              <div class=\"box-text text-left\" >\n                 <p><\/p>\n              <\/div>\n            <\/div>\n            <\/a>          <\/div>\n         <\/div><div class=\"gallery-col col\" >\n          <div class=\"col-inner\">\n            <a class=\"image-lightbox lightbox-gallery\" href=\"https:\/\/drmuratsongu.com\/wp-content\/uploads\/2025\/09\/Implants-du-Menton-Avant-Apres-4.webp\" title=\"\">            <div class=\"box has-hover gallery-box box-default\">\n              <div class=\"box-image image-cover\" style=\"padding-top:75%;\">\n                <img decoding=\"async\" width=\"640\" height=\"415\" src=\"https:\/\/drmuratsongu.com\/wp-content\/uploads\/2025\/09\/Implants-du-Menton-Avant-Apres-4.webp\" class=\"border-gorsel\" alt=\"\" ids=\"70804,70820,70836,70852,70868,70884\" style=\"default\" columns=\"3\" image_height=\"75%\" image_size=\"2048x2048\" srcset=\"https:\/\/drmuratsongu.com\/wp-content\/uploads\/2025\/09\/Implants-du-Menton-Avant-Apres-4.webp 640w, https:\/\/drmuratsongu.com\/wp-content\/uploads\/2025\/09\/Implants-du-Menton-Avant-Apres-4-617x400.webp 617w\" sizes=\"(max-width: 640px) 100vw, 640px\" title=\"\">                                                              <\/div>\n              <div class=\"box-text text-left\" >\n                 <p><\/p>\n              <\/div>\n            <\/div>\n            <\/a>          <\/div>\n         <\/div><div class=\"gallery-col col\" >\n          <div class=\"col-inner\">\n            <a class=\"image-lightbox lightbox-gallery\" href=\"https:\/\/drmuratsongu.com\/wp-content\/uploads\/2025\/09\/Implants-du-Menton-Avant-Apres-5-640x800.webp\" title=\"\">            <div class=\"box has-hover gallery-box box-default\">\n              <div class=\"box-image image-cover\" style=\"padding-top:75%;\">\n                <img decoding=\"async\" width=\"1639\" height=\"2048\" src=\"https:\/\/drmuratsongu.com\/wp-content\/uploads\/2025\/09\/Implants-du-Menton-Avant-Apres-5-1639x2048.webp\" class=\"border-gorsel\" alt=\"\" ids=\"70804,70820,70836,70852,70868,70884\" style=\"default\" columns=\"3\" image_height=\"75%\" image_size=\"2048x2048\" srcset=\"https:\/\/drmuratsongu.com\/wp-content\/uploads\/2025\/09\/Implants-du-Menton-Avant-Apres-5-1639x2048.webp 1639w, https:\/\/drmuratsongu.com\/wp-content\/uploads\/2025\/09\/Implants-du-Menton-Avant-Apres-5-320x400.webp 320w, https:\/\/drmuratsongu.com\/wp-content\/uploads\/2025\/09\/Implants-du-Menton-Avant-Apres-5-640x800.webp 640w, https:\/\/drmuratsongu.com\/wp-content\/uploads\/2025\/09\/Implants-du-Menton-Avant-Apres-5-768x960.webp 768w, https:\/\/drmuratsongu.com\/wp-content\/uploads\/2025\/09\/Implants-du-Menton-Avant-Apres-5-1229x1536.webp 1229w, https:\/\/drmuratsongu.com\/wp-content\/uploads\/2025\/09\/Implants-du-Menton-Avant-Apres-5-scaled.webp 2048w\" sizes=\"(max-width: 1639px) 100vw, 1639px\" title=\"\">                                                              <\/div>\n              <div class=\"box-text text-left\" >\n                 <p><\/p>\n              <\/div>\n            <\/div>\n            <\/a>          <\/div>\n         <\/div><div class=\"gallery-col col\" >\n          <div class=\"col-inner\">\n            <a class=\"image-lightbox lightbox-gallery\" href=\"https:\/\/drmuratsongu.com\/wp-content\/uploads\/2025\/09\/Implants-du-Menton-Avant-Apres-6-640x800.webp\" title=\"\">            <div class=\"box has-hover gallery-box box-default\">\n              <div class=\"box-image image-cover\" style=\"padding-top:75%;\">\n                <img decoding=\"async\" width=\"1639\" height=\"2048\" src=\"https:\/\/drmuratsongu.com\/wp-content\/uploads\/2025\/09\/Implants-du-Menton-Avant-Apres-6-1639x2048.webp\" class=\"border-gorsel\" alt=\"\" ids=\"70804,70820,70836,70852,70868,70884\" style=\"default\" columns=\"3\" image_height=\"75%\" image_size=\"2048x2048\" srcset=\"https:\/\/drmuratsongu.com\/wp-content\/uploads\/2025\/09\/Implants-du-Menton-Avant-Apres-6-1639x2048.webp 1639w, https:\/\/drmuratsongu.com\/wp-content\/uploads\/2025\/09\/Implants-du-Menton-Avant-Apres-6-320x400.webp 320w, https:\/\/drmuratsongu.com\/wp-content\/uploads\/2025\/09\/Implants-du-Menton-Avant-Apres-6-640x800.webp 640w, https:\/\/drmuratsongu.com\/wp-content\/uploads\/2025\/09\/Implants-du-Menton-Avant-Apres-6-768x960.webp 768w, https:\/\/drmuratsongu.com\/wp-content\/uploads\/2025\/09\/Implants-du-Menton-Avant-Apres-6-1229x1536.webp 1229w, https:\/\/drmuratsongu.com\/wp-content\/uploads\/2025\/09\/Implants-du-Menton-Avant-Apres-6-scaled.webp 2048w\" sizes=\"(max-width: 1639px) 100vw, 1639px\" title=\"\">                                                              <\/div>\n              <div class=\"box-text text-left\" >\n                 <p><\/p>\n              <\/div>\n            <\/div>\n            <\/a>          <\/div>\n         <\/div><\/div>\n\t\t<\/div>\n\t\t\t\t\t<\/div>\n\n\t\n<\/div>\n\t\t<\/div>\n\n\t\t\n<style>\n#section_544738068 {\n  padding-top: 30px;\n  padding-bottom: 30px;\n}\n<\/style>\n\t<\/section>\n\t\n","protected":false},"excerpt":{"rendered":"","protected":false},"author":5,"featured_media":0,"parent":51928,"menu_order":0,"comment_status":"closed","ping_status":"closed","template":"page-blank.php","meta":{"footnotes":""},"class_list":["post-52245","page","type-page","status-publish","hentry"],"_links":{"self":[{"href":"https:\/\/drmuratsongu.com\/fr\/wp-json\/wp\/v2\/pages\/52245","targetHints":{"allow":["GET"]}}],"collection":[{"href":"https:\/\/drmuratsongu.com\/fr\/wp-json\/wp\/v2\/pages"}],"about":[{"href":"https:\/\/drmuratsongu.com\/fr\/wp-json\/wp\/v2\/types\/page"}],"author":[{"embeddable":true,"href":"https:\/\/drmuratsongu.com\/fr\/wp-json\/wp\/v2\/users\/5"}],"replies":[{"embeddable":true,"href":"https:\/\/drmuratsongu.com\/fr\/wp-json\/wp\/v2\/comments?post=52245"}],"version-history":[{"count":3,"href":"https:\/\/drmuratsongu.com\/fr\/wp-json\/wp\/v2\/pages\/52245\/revisions"}],"predecessor-version":[{"id":70900,"href":"https:\/\/drmuratsongu.com\/fr\/wp-json\/wp\/v2\/pages\/52245\/revisions\/70900"}],"up":[{"embeddable":true,"href":"https:\/\/drmuratsongu.com\/fr\/wp-json\/wp\/v2\/pages\/51928"}],"wp:attachment":[{"href":"https:\/\/drmuratsongu.com\/fr\/wp-json\/wp\/v2\/media?parent=52245"}],"curies":[{"name":"wp","href":"https:\/\/api.w.org\/{rel}","templated":true}]}}