{"id":52256,"date":"2025-08-22T08:39:57","date_gmt":"2025-08-22T08:39:57","guid":{"rendered":"https:\/\/drmuratsongu.com\/?page_id=52256"},"modified":"2025-09-09T12:42:00","modified_gmt":"2025-09-09T12:42:00","slug":"hakeimplantater-for-etter","status":"publish","type":"page","link":"https:\/\/drmuratsongu.com\/no\/galleri\/hakeimplantater-for-etter\/","title":{"rendered":"Hakeimplantater F\u00f8r &#038; Etter"},"content":{"rendered":"\n\t<section class=\"section\" id=\"section_692215819\">\n\t\t<div class=\"section-bg fill\" >\n\t\t\t<img decoding=\"async\" width=\"1920\" height=\"850\" src=\"https:\/\/drmuratsongu.com\/wp-content\/uploads\/2024\/07\/muratsonguslider_1920x850.jpg\" class=\"bg attachment- size-\" alt=\"\" title=\"\">\t\t\t\t\t\t<div class=\"section-bg-overlay absolute fill\"><\/div>\n\t\t\t\n\n\t\t<\/div>\n\n\t\t\n\n\t\t<div class=\"section-content relative\">\n\t\t\t\n  <div id=\"page-header-21552166\" class=\"page-header-wrapper\">\n  <div class=\"page-title light simple-title\">\n\n    \n    <div class=\"page-title-inner container align-center flex-row medium-flex-wrap\" >\n              <div class=\"title-wrapper flex-col text-left medium-text-center\">\n          <h1 class=\"entry-title mb-0\">\n            Hakeimplantater F\u00f8r &#038; Etter          <\/h1>\n        <\/div>\n                    <div class=\"title-content flex-col flex-right text-right medium-text-center\">\n        <div class=\"title-breadcrumbs pb-half pt-half\"><\/div>      <\/div>\n    <\/div>\n\n       <\/div>\n    <\/div>\n  \n\t\t<\/div>\n\n\t\t\n<style>\n#section_692215819 {\n  padding-top: 30px;\n  padding-bottom: 30px;\n}\n#section_692215819 .section-bg-overlay {\n  background-color: rgba(255, 255, 255, 0.5);\n}\n#section_692215819 .section-bg img {\n  object-position: 24% 42%;\n}\n<\/style>\n\t<\/section>\n\t\n\n\t<section class=\"section\" id=\"section_1980678048\">\n\t\t<div class=\"section-bg fill\" >\n\t\t\t\t\t\t\t\t\t\n\t\t\t\n\n\t\t<\/div>\n\n\t\t\n\n\t\t<div class=\"section-content relative\">\n\t\t\t\n<div class=\"row\"  id=\"row-425166234\">\n<p>Oppdag hvordan hakeimplantater kan forbedre ansiktsbalansen og styrke profilen din med ekte f\u00f8r- og etterbilder fra Prof. Dr. Murat Songu, en erfaren \u00d8NH-kirurg som spesialiserer seg p\u00e5 ansiktsestetikk. Hakeforst\u00f8rrelse kombineres ofte med neseoperasjon eller andre ansiktsinngrep for \u00e5 oppn\u00e5 optimal harmoni og et mer definert utseende.<\/p>\n<p>V\u00e5rt fotogalleri viser naturlige resultater hos pasienter som \u00f8nsket en sterkere kjevelinje, bedre ansiktsproporsjoner eller korreksjon av en tilbaketrukket hake. Hver prosedyre tilpasses pasientens anatomi og estetiske m\u00e5l, noe som sikrer personlige resultater.<\/p>\n<p>Med Prof. Dr. Songus dype forst\u00e5else av ansiktsstrukturen, spesielt i harmoni med nesens anatomi, utf\u00f8res hakeimplantatkirurgi med presisjon og sikkerhet. Bla gjennom galleriet for \u00e5 se de transformerende resultatene og forestill deg din egen forbedring.<\/p>\n<p>Kontakt oss i dag for \u00e5 bestille en konsultasjon og l\u00e6r hvordan hakeimplantater kan komplettere ansiktstrekkene dine med ekspertbehandling fra en \u00d8NH-spesialist.<\/p>\n\n  \n    <div class=\"row border-gorsel large-columns-3 medium-columns- small-columns-2\" >\n  <div class=\"gallery-col col\" >\n          <div class=\"col-inner\">\n            <a class=\"image-lightbox lightbox-gallery\" href=\"https:\/\/drmuratsongu.com\/wp-content\/uploads\/2025\/09\/Hakeimplantater-For-Etter-1.webp\" title=\"\">            <div class=\"box has-hover gallery-box box-default\">\n              <div class=\"box-image image-cover\" style=\"padding-top:75%;\">\n                <img decoding=\"async\" width=\"640\" height=\"426\" src=\"https:\/\/drmuratsongu.com\/wp-content\/uploads\/2025\/09\/Hakeimplantater-For-Etter-1.webp\" class=\"border-gorsel\" alt=\"\" ids=\"71200,71216,71232,71248,71264,71280\" style=\"default\" columns=\"3\" image_height=\"75%\" image_size=\"2048x2048\" srcset=\"https:\/\/drmuratsongu.com\/wp-content\/uploads\/2025\/09\/Hakeimplantater-For-Etter-1.webp 640w, https:\/\/drmuratsongu.com\/wp-content\/uploads\/2025\/09\/Hakeimplantater-For-Etter-1-601x400.webp 601w\" sizes=\"(max-width: 640px) 100vw, 640px\" title=\"\">                                                              <\/div>\n              <div class=\"box-text text-left\" >\n                 <p><\/p>\n              <\/div>\n            <\/div>\n            <\/a>          <\/div>\n         <\/div><div class=\"gallery-col col\" >\n          <div class=\"col-inner\">\n            <a class=\"image-lightbox lightbox-gallery\" href=\"https:\/\/drmuratsongu.com\/wp-content\/uploads\/2025\/09\/Hakeimplantater-For-Etter-2.webp\" title=\"\">            <div class=\"box has-hover gallery-box box-default\">\n              <div class=\"box-image image-cover\" style=\"padding-top:75%;\">\n                <img decoding=\"async\" width=\"640\" height=\"269\" src=\"https:\/\/drmuratsongu.com\/wp-content\/uploads\/2025\/09\/Hakeimplantater-For-Etter-2.webp\" class=\"border-gorsel\" alt=\"\" ids=\"71200,71216,71232,71248,71264,71280\" style=\"default\" columns=\"3\" image_height=\"75%\" image_size=\"2048x2048\" title=\"\">                                                              <\/div>\n              <div class=\"box-text text-left\" >\n                 <p><\/p>\n              <\/div>\n            <\/div>\n            <\/a>          <\/div>\n         <\/div><div class=\"gallery-col col\" >\n          <div class=\"col-inner\">\n            <a class=\"image-lightbox lightbox-gallery\" href=\"https:\/\/drmuratsongu.com\/wp-content\/uploads\/2025\/09\/Hakeimplantater-For-Etter-3.webp\" title=\"\">            <div class=\"box has-hover gallery-box box-default\">\n              <div class=\"box-image image-cover\" style=\"padding-top:75%;\">\n                <img decoding=\"async\" width=\"640\" height=\"267\" src=\"https:\/\/drmuratsongu.com\/wp-content\/uploads\/2025\/09\/Hakeimplantater-For-Etter-3.webp\" class=\"border-gorsel\" alt=\"\" ids=\"71200,71216,71232,71248,71264,71280\" style=\"default\" columns=\"3\" image_height=\"75%\" image_size=\"2048x2048\" title=\"\">                                                              <\/div>\n              <div class=\"box-text text-left\" >\n                 <p><\/p>\n              <\/div>\n            <\/div>\n            <\/a>          <\/div>\n         <\/div><div class=\"gallery-col col\" >\n          <div class=\"col-inner\">\n            <a class=\"image-lightbox lightbox-gallery\" href=\"https:\/\/drmuratsongu.com\/wp-content\/uploads\/2025\/09\/Hakeimplantater-For-Etter-4.webp\" title=\"\">            <div class=\"box has-hover gallery-box box-default\">\n              <div class=\"box-image image-cover\" style=\"padding-top:75%;\">\n                <img decoding=\"async\" width=\"640\" height=\"415\" src=\"https:\/\/drmuratsongu.com\/wp-content\/uploads\/2025\/09\/Hakeimplantater-For-Etter-4.webp\" class=\"border-gorsel\" alt=\"\" ids=\"71200,71216,71232,71248,71264,71280\" style=\"default\" columns=\"3\" image_height=\"75%\" image_size=\"2048x2048\" srcset=\"https:\/\/drmuratsongu.com\/wp-content\/uploads\/2025\/09\/Hakeimplantater-For-Etter-4.webp 640w, https:\/\/drmuratsongu.com\/wp-content\/uploads\/2025\/09\/Hakeimplantater-For-Etter-4-617x400.webp 617w\" sizes=\"(max-width: 640px) 100vw, 640px\" title=\"\">                                                              <\/div>\n              <div class=\"box-text text-left\" >\n                 <p><\/p>\n              <\/div>\n            <\/div>\n            <\/a>          <\/div>\n         <\/div><div class=\"gallery-col col\" >\n          <div class=\"col-inner\">\n            <a class=\"image-lightbox lightbox-gallery\" href=\"https:\/\/drmuratsongu.com\/wp-content\/uploads\/2025\/09\/Hakeimplantater-For-Etter-5-640x800.webp\" title=\"\">            <div class=\"box has-hover gallery-box box-default\">\n              <div class=\"box-image image-cover\" style=\"padding-top:75%;\">\n                <img decoding=\"async\" width=\"1639\" height=\"2048\" src=\"https:\/\/drmuratsongu.com\/wp-content\/uploads\/2025\/09\/Hakeimplantater-For-Etter-5-1639x2048.webp\" class=\"border-gorsel\" alt=\"\" ids=\"71200,71216,71232,71248,71264,71280\" style=\"default\" columns=\"3\" image_height=\"75%\" image_size=\"2048x2048\" srcset=\"https:\/\/drmuratsongu.com\/wp-content\/uploads\/2025\/09\/Hakeimplantater-For-Etter-5-1639x2048.webp 1639w, https:\/\/drmuratsongu.com\/wp-content\/uploads\/2025\/09\/Hakeimplantater-For-Etter-5-320x400.webp 320w, https:\/\/drmuratsongu.com\/wp-content\/uploads\/2025\/09\/Hakeimplantater-For-Etter-5-640x800.webp 640w, https:\/\/drmuratsongu.com\/wp-content\/uploads\/2025\/09\/Hakeimplantater-For-Etter-5-768x960.webp 768w, https:\/\/drmuratsongu.com\/wp-content\/uploads\/2025\/09\/Hakeimplantater-For-Etter-5-1229x1536.webp 1229w, https:\/\/drmuratsongu.com\/wp-content\/uploads\/2025\/09\/Hakeimplantater-For-Etter-5-scaled.webp 2048w\" sizes=\"(max-width: 1639px) 100vw, 1639px\" title=\"\">                                                              <\/div>\n              <div class=\"box-text text-left\" >\n                 <p><\/p>\n              <\/div>\n            <\/div>\n            <\/a>          <\/div>\n         <\/div><div class=\"gallery-col col\" >\n          <div class=\"col-inner\">\n            <a class=\"image-lightbox lightbox-gallery\" href=\"https:\/\/drmuratsongu.com\/wp-content\/uploads\/2025\/09\/Hakeimplantater-For-Etter-6-640x800.webp\" title=\"\">            <div class=\"box has-hover gallery-box box-default\">\n              <div class=\"box-image image-cover\" style=\"padding-top:75%;\">\n                <img decoding=\"async\" width=\"1639\" height=\"2048\" src=\"https:\/\/drmuratsongu.com\/wp-content\/uploads\/2025\/09\/Hakeimplantater-For-Etter-6-1639x2048.webp\" class=\"border-gorsel\" alt=\"\" ids=\"71200,71216,71232,71248,71264,71280\" style=\"default\" columns=\"3\" image_height=\"75%\" image_size=\"2048x2048\" srcset=\"https:\/\/drmuratsongu.com\/wp-content\/uploads\/2025\/09\/Hakeimplantater-For-Etter-6-1639x2048.webp 1639w, https:\/\/drmuratsongu.com\/wp-content\/uploads\/2025\/09\/Hakeimplantater-For-Etter-6-320x400.webp 320w, https:\/\/drmuratsongu.com\/wp-content\/uploads\/2025\/09\/Hakeimplantater-For-Etter-6-640x800.webp 640w, https:\/\/drmuratsongu.com\/wp-content\/uploads\/2025\/09\/Hakeimplantater-For-Etter-6-768x960.webp 768w, https:\/\/drmuratsongu.com\/wp-content\/uploads\/2025\/09\/Hakeimplantater-For-Etter-6-1229x1536.webp 1229w, https:\/\/drmuratsongu.com\/wp-content\/uploads\/2025\/09\/Hakeimplantater-For-Etter-6-scaled.webp 2048w\" sizes=\"(max-width: 1639px) 100vw, 1639px\" title=\"\">                                                              <\/div>\n              <div class=\"box-text text-left\" >\n                 <p><\/p>\n              <\/div>\n            <\/div>\n            <\/a>          <\/div>\n         <\/div><\/div>\n<\/col>\n<\/div>\n\t\t<\/div>\n\n\t\t\n<style>\n#section_1980678048 {\n  padding-top: 30px;\n  padding-bottom: 30px;\n}\n<\/style>\n\t<\/section>\n\t\n","protected":false},"excerpt":{"rendered":"","protected":false},"author":5,"featured_media":0,"parent":51942,"menu_order":0,"comment_status":"closed","ping_status":"closed","template":"page-blank.php","meta":{"footnotes":""},"class_list":["post-52256","page","type-page","status-publish","hentry"],"_links":{"self":[{"href":"https:\/\/drmuratsongu.com\/no\/wp-json\/wp\/v2\/pages\/52256","targetHints":{"allow":["GET"]}}],"collection":[{"href":"https:\/\/drmuratsongu.com\/no\/wp-json\/wp\/v2\/pages"}],"about":[{"href":"https:\/\/drmuratsongu.com\/no\/wp-json\/wp\/v2\/types\/page"}],"author":[{"embeddable":true,"href":"https:\/\/drmuratsongu.com\/no\/wp-json\/wp\/v2\/users\/5"}],"replies":[{"embeddable":true,"href":"https:\/\/drmuratsongu.com\/no\/wp-json\/wp\/v2\/comments?post=52256"}],"version-history":[{"count":3,"href":"https:\/\/drmuratsongu.com\/no\/wp-json\/wp\/v2\/pages\/52256\/revisions"}],"predecessor-version":[{"id":71296,"href":"https:\/\/drmuratsongu.com\/no\/wp-json\/wp\/v2\/pages\/52256\/revisions\/71296"}],"up":[{"embeddable":true,"href":"https:\/\/drmuratsongu.com\/no\/wp-json\/wp\/v2\/pages\/51942"}],"wp:attachment":[{"href":"https:\/\/drmuratsongu.com\/no\/wp-json\/wp\/v2\/media?parent=52256"}],"curies":[{"name":"wp","href":"https:\/\/api.w.org\/{rel}","templated":true}]}}