{"id":52259,"date":"2025-08-22T08:40:29","date_gmt":"2025-08-22T08:40:29","guid":{"rendered":"https:\/\/drmuratsongu.com\/?page_id=52259"},"modified":"2025-09-09T12:43:20","modified_gmt":"2025-09-09T12:43:20","slug":"implanty-brody-przed-i-po","status":"publish","type":"page","link":"https:\/\/drmuratsongu.com\/pl\/galeria\/implanty-brody-przed-i-po\/","title":{"rendered":"Implanty Brody Przed i Po"},"content":{"rendered":"\n\t<section class=\"section\" id=\"section_726366360\">\n\t\t<div class=\"section-bg fill\" >\n\t\t\t<img decoding=\"async\" width=\"1920\" height=\"850\" src=\"https:\/\/drmuratsongu.com\/wp-content\/uploads\/2024\/07\/muratsonguslider_1920x850.jpg\" class=\"bg attachment- size-\" alt=\"\" title=\"\">\t\t\t\t\t\t<div class=\"section-bg-overlay absolute fill\"><\/div>\n\t\t\t\n\n\t\t<\/div>\n\n\t\t\n\n\t\t<div class=\"section-content relative\">\n\t\t\t\n  <div id=\"page-header-649790516\" class=\"page-header-wrapper\">\n  <div class=\"page-title light simple-title\">\n\n    \n    <div class=\"page-title-inner container align-center flex-row medium-flex-wrap\" >\n              <div class=\"title-wrapper flex-col text-left medium-text-center\">\n          <h1 class=\"entry-title mb-0\">\n            Implanty Brody Przed i Po          <\/h1>\n        <\/div>\n                    <div class=\"title-content flex-col flex-right text-right medium-text-center\">\n        <div class=\"title-breadcrumbs pb-half pt-half\"><\/div>      <\/div>\n    <\/div>\n\n       <\/div>\n    <\/div>\n  \n\t\t<\/div>\n\n\t\t\n<style>\n#section_726366360 {\n  padding-top: 30px;\n  padding-bottom: 30px;\n}\n#section_726366360 .section-bg-overlay {\n  background-color: rgba(255, 255, 255, 0.5);\n}\n#section_726366360 .section-bg img {\n  object-position: 24% 42%;\n}\n<\/style>\n\t<\/section>\n\t\n\n\t<section class=\"section\" id=\"section_1692457517\">\n\t\t<div class=\"section-bg fill\" >\n\t\t\t\t\t\t\t\t\t\n\t\t\t\n\n\t\t<\/div>\n\n\t\t\n\n\t\t<div class=\"section-content relative\">\n\t\t\t\n<div class=\"row\"  id=\"row-1329515053\">\n\n\t<div id=\"col-1741193388\" class=\"col border-gorsel small-12 large-12\"  >\n\t\t\t\t<div class=\"col-inner\"  >\n\t\t\t\n\t\t\t\n<p>Odkryj, jak implanty podbr\u00f3dka mog\u0105 poprawi\u0107 r\u00f3wnowag\u0119 twarzy i wzmocni\u0107 profil dzi\u0119ki prawdziwym zdj\u0119ciom przed i po od Prof. Dr. Murata Songu, do\u015bwiadczonego chirurga laryngologa specjalizuj\u0105cego si\u0119 w estetyce twarzy. Powi\u0119kszanie podbr\u00f3dka cz\u0119sto \u0142\u0105czy si\u0119 z operacj\u0105 nosa lub innymi zabiegami twarzy, aby osi\u0105gn\u0105\u0107 optymaln\u0105 harmoni\u0119 i bardziej wyrazisty wygl\u0105d.<\/p>\n<p>Nasza galeria zdj\u0119\u0107 prezentuje naturalnie wygl\u0105daj\u0105ce rezultaty u pacjent\u00f3w, kt\u00f3rzy chcieli mocniejszej linii szcz\u0119ki, poprawionych proporcji twarzy lub korekcji cofni\u0119tego podbr\u00f3dka. Ka\u017cdy zabieg jest dostosowany do anatomii i cel\u00f3w estetycznych pacjenta, co zapewnia spersonalizowane wyniki.<\/p>\n<p>Dzi\u0119ki dog\u0142\u0119bnej wiedzy Prof. Dr. Songu na temat struktury twarzy, szczeg\u00f3lnie w harmonii z anatomi\u0105 nosa, operacje implant\u00f3w podbr\u00f3dka przeprowadzane s\u0105 z precyzj\u0105 i bezpiecze\u0144stwem. Przegl\u0105daj galeri\u0119, aby zobaczy\u0107 transformacyjne rezultaty i wyobra\u017a sobie w\u0142asn\u0105 popraw\u0119.<\/p>\n<p>Skontaktuj si\u0119 z nami ju\u017c dzi\u015b, aby um\u00f3wi\u0107 konsultacj\u0119 i dowiedzie\u0107 si\u0119, jak implanty podbr\u00f3dka mog\u0105 uzupe\u0142ni\u0107 Twoje rysy twarzy dzi\u0119ki profesjonalnej opiece specjalisty laryngologa.<\/p>\n\n  \n    <div class=\"row border-gorsel large-columns-3 medium-columns- small-columns-2\" >\n  <div class=\"gallery-col col\" >\n          <div class=\"col-inner\">\n            <a class=\"image-lightbox lightbox-gallery\" href=\"https:\/\/drmuratsongu.com\/wp-content\/uploads\/2025\/09\/Implanty-Brody-Przed-i-Po-1.webp\" title=\"\">            <div class=\"box has-hover gallery-box box-default\">\n              <div class=\"box-image image-cover\" style=\"padding-top:75%;\">\n                <img decoding=\"async\" width=\"640\" height=\"426\" src=\"https:\/\/drmuratsongu.com\/wp-content\/uploads\/2025\/09\/Implanty-Brody-Przed-i-Po-1.webp\" class=\"border-gorsel\" alt=\"\" ids=\"71299,71315,71331,71347,71363,71379\" style=\"default\" columns=\"3\" image_height=\"75%\" image_size=\"2048x2048\" srcset=\"https:\/\/drmuratsongu.com\/wp-content\/uploads\/2025\/09\/Implanty-Brody-Przed-i-Po-1.webp 640w, https:\/\/drmuratsongu.com\/wp-content\/uploads\/2025\/09\/Implanty-Brody-Przed-i-Po-1-601x400.webp 601w\" sizes=\"(max-width: 640px) 100vw, 640px\" title=\"\">                                                              <\/div>\n              <div class=\"box-text text-left\" >\n                 <p><\/p>\n              <\/div>\n            <\/div>\n            <\/a>          <\/div>\n         <\/div><div class=\"gallery-col col\" >\n          <div class=\"col-inner\">\n            <a class=\"image-lightbox lightbox-gallery\" href=\"https:\/\/drmuratsongu.com\/wp-content\/uploads\/2025\/09\/Implanty-Brody-Przed-i-Po-2.webp\" title=\"\">            <div class=\"box has-hover gallery-box box-default\">\n              <div class=\"box-image image-cover\" style=\"padding-top:75%;\">\n                <img decoding=\"async\" width=\"640\" height=\"269\" src=\"https:\/\/drmuratsongu.com\/wp-content\/uploads\/2025\/09\/Implanty-Brody-Przed-i-Po-2.webp\" class=\"border-gorsel\" alt=\"\" ids=\"71299,71315,71331,71347,71363,71379\" style=\"default\" columns=\"3\" image_height=\"75%\" image_size=\"2048x2048\" title=\"\">                                                              <\/div>\n              <div class=\"box-text text-left\" >\n                 <p><\/p>\n              <\/div>\n            <\/div>\n            <\/a>          <\/div>\n         <\/div><div class=\"gallery-col col\" >\n          <div class=\"col-inner\">\n            <a class=\"image-lightbox lightbox-gallery\" href=\"https:\/\/drmuratsongu.com\/wp-content\/uploads\/2025\/09\/Implanty-Brody-Przed-i-Po-3.webp\" title=\"\">            <div class=\"box has-hover gallery-box box-default\">\n              <div class=\"box-image image-cover\" style=\"padding-top:75%;\">\n                <img decoding=\"async\" width=\"640\" height=\"267\" src=\"https:\/\/drmuratsongu.com\/wp-content\/uploads\/2025\/09\/Implanty-Brody-Przed-i-Po-3.webp\" class=\"border-gorsel\" alt=\"\" ids=\"71299,71315,71331,71347,71363,71379\" style=\"default\" columns=\"3\" image_height=\"75%\" image_size=\"2048x2048\" title=\"\">                                                              <\/div>\n              <div class=\"box-text text-left\" >\n                 <p><\/p>\n              <\/div>\n            <\/div>\n            <\/a>          <\/div>\n         <\/div><div class=\"gallery-col col\" >\n          <div class=\"col-inner\">\n            <a class=\"image-lightbox lightbox-gallery\" href=\"https:\/\/drmuratsongu.com\/wp-content\/uploads\/2025\/09\/Implanty-Brody-Przed-i-Po-4.webp\" title=\"\">            <div class=\"box has-hover gallery-box box-default\">\n              <div class=\"box-image image-cover\" style=\"padding-top:75%;\">\n                <img decoding=\"async\" width=\"640\" height=\"415\" src=\"https:\/\/drmuratsongu.com\/wp-content\/uploads\/2025\/09\/Implanty-Brody-Przed-i-Po-4.webp\" class=\"border-gorsel\" alt=\"\" ids=\"71299,71315,71331,71347,71363,71379\" style=\"default\" columns=\"3\" image_height=\"75%\" image_size=\"2048x2048\" srcset=\"https:\/\/drmuratsongu.com\/wp-content\/uploads\/2025\/09\/Implanty-Brody-Przed-i-Po-4.webp 640w, https:\/\/drmuratsongu.com\/wp-content\/uploads\/2025\/09\/Implanty-Brody-Przed-i-Po-4-617x400.webp 617w\" sizes=\"(max-width: 640px) 100vw, 640px\" title=\"\">                                                              <\/div>\n              <div class=\"box-text text-left\" >\n                 <p><\/p>\n              <\/div>\n            <\/div>\n            <\/a>          <\/div>\n         <\/div><div class=\"gallery-col col\" >\n          <div class=\"col-inner\">\n            <a class=\"image-lightbox lightbox-gallery\" href=\"https:\/\/drmuratsongu.com\/wp-content\/uploads\/2025\/09\/Implanty-Brody-Przed-i-Po-5-640x800.webp\" title=\"\">            <div class=\"box has-hover gallery-box box-default\">\n              <div class=\"box-image image-cover\" style=\"padding-top:75%;\">\n                <img decoding=\"async\" width=\"1639\" height=\"2048\" src=\"https:\/\/drmuratsongu.com\/wp-content\/uploads\/2025\/09\/Implanty-Brody-Przed-i-Po-5-1639x2048.webp\" class=\"border-gorsel\" alt=\"\" ids=\"71299,71315,71331,71347,71363,71379\" style=\"default\" columns=\"3\" image_height=\"75%\" image_size=\"2048x2048\" srcset=\"https:\/\/drmuratsongu.com\/wp-content\/uploads\/2025\/09\/Implanty-Brody-Przed-i-Po-5-1639x2048.webp 1639w, https:\/\/drmuratsongu.com\/wp-content\/uploads\/2025\/09\/Implanty-Brody-Przed-i-Po-5-320x400.webp 320w, https:\/\/drmuratsongu.com\/wp-content\/uploads\/2025\/09\/Implanty-Brody-Przed-i-Po-5-640x800.webp 640w, https:\/\/drmuratsongu.com\/wp-content\/uploads\/2025\/09\/Implanty-Brody-Przed-i-Po-5-768x960.webp 768w, https:\/\/drmuratsongu.com\/wp-content\/uploads\/2025\/09\/Implanty-Brody-Przed-i-Po-5-1229x1536.webp 1229w, https:\/\/drmuratsongu.com\/wp-content\/uploads\/2025\/09\/Implanty-Brody-Przed-i-Po-5-scaled.webp 2048w\" sizes=\"(max-width: 1639px) 100vw, 1639px\" title=\"\">                                                              <\/div>\n              <div class=\"box-text text-left\" >\n                 <p><\/p>\n              <\/div>\n            <\/div>\n            <\/a>          <\/div>\n         <\/div><div class=\"gallery-col col\" >\n          <div class=\"col-inner\">\n            <a class=\"image-lightbox lightbox-gallery\" href=\"https:\/\/drmuratsongu.com\/wp-content\/uploads\/2025\/09\/Implanty-Brody-Przed-i-Po-6-640x800.webp\" title=\"\">            <div class=\"box has-hover gallery-box box-default\">\n              <div class=\"box-image image-cover\" style=\"padding-top:75%;\">\n                <img decoding=\"async\" width=\"1639\" height=\"2048\" src=\"https:\/\/drmuratsongu.com\/wp-content\/uploads\/2025\/09\/Implanty-Brody-Przed-i-Po-6-1639x2048.webp\" class=\"border-gorsel\" alt=\"\" ids=\"71299,71315,71331,71347,71363,71379\" style=\"default\" columns=\"3\" image_height=\"75%\" image_size=\"2048x2048\" srcset=\"https:\/\/drmuratsongu.com\/wp-content\/uploads\/2025\/09\/Implanty-Brody-Przed-i-Po-6-1639x2048.webp 1639w, https:\/\/drmuratsongu.com\/wp-content\/uploads\/2025\/09\/Implanty-Brody-Przed-i-Po-6-320x400.webp 320w, https:\/\/drmuratsongu.com\/wp-content\/uploads\/2025\/09\/Implanty-Brody-Przed-i-Po-6-640x800.webp 640w, https:\/\/drmuratsongu.com\/wp-content\/uploads\/2025\/09\/Implanty-Brody-Przed-i-Po-6-768x960.webp 768w, https:\/\/drmuratsongu.com\/wp-content\/uploads\/2025\/09\/Implanty-Brody-Przed-i-Po-6-1229x1536.webp 1229w, https:\/\/drmuratsongu.com\/wp-content\/uploads\/2025\/09\/Implanty-Brody-Przed-i-Po-6-scaled.webp 2048w\" sizes=\"(max-width: 1639px) 100vw, 1639px\" title=\"\">                                                              <\/div>\n              <div class=\"box-text text-left\" >\n                 <p><\/p>\n              <\/div>\n            <\/div>\n            <\/a>          <\/div>\n         <\/div><\/div>\n\t\t<\/div>\n\t\t\t\t\t<\/div>\n\n\t\n<\/div>\n\t\t<\/div>\n\n\t\t\n<style>\n#section_1692457517 {\n  padding-top: 30px;\n  padding-bottom: 30px;\n}\n<\/style>\n\t<\/section>\n\t\n","protected":false},"excerpt":{"rendered":"","protected":false},"author":5,"featured_media":0,"parent":51947,"menu_order":0,"comment_status":"closed","ping_status":"closed","template":"page-blank.php","meta":{"footnotes":""},"class_list":["post-52259","page","type-page","status-publish","hentry"],"_links":{"self":[{"href":"https:\/\/drmuratsongu.com\/pl\/wp-json\/wp\/v2\/pages\/52259","targetHints":{"allow":["GET"]}}],"collection":[{"href":"https:\/\/drmuratsongu.com\/pl\/wp-json\/wp\/v2\/pages"}],"about":[{"href":"https:\/\/drmuratsongu.com\/pl\/wp-json\/wp\/v2\/types\/page"}],"author":[{"embeddable":true,"href":"https:\/\/drmuratsongu.com\/pl\/wp-json\/wp\/v2\/users\/5"}],"replies":[{"embeddable":true,"href":"https:\/\/drmuratsongu.com\/pl\/wp-json\/wp\/v2\/comments?post=52259"}],"version-history":[{"count":3,"href":"https:\/\/drmuratsongu.com\/pl\/wp-json\/wp\/v2\/pages\/52259\/revisions"}],"predecessor-version":[{"id":71395,"href":"https:\/\/drmuratsongu.com\/pl\/wp-json\/wp\/v2\/pages\/52259\/revisions\/71395"}],"up":[{"embeddable":true,"href":"https:\/\/drmuratsongu.com\/pl\/wp-json\/wp\/v2\/pages\/51947"}],"wp:attachment":[{"href":"https:\/\/drmuratsongu.com\/pl\/wp-json\/wp\/v2\/media?parent=52259"}],"curies":[{"name":"wp","href":"https:\/\/api.w.org\/{rel}","templated":true}]}}