{"id":52263,"date":"2025-08-22T08:40:55","date_gmt":"2025-08-22T08:40:55","guid":{"rendered":"https:\/\/drmuratsongu.com\/?page_id=52263"},"modified":"2025-09-09T12:45:14","modified_gmt":"2025-09-09T12:45:14","slug":"implantes-no-queixo-antes-depois","status":"publish","type":"page","link":"https:\/\/drmuratsongu.com\/pt-pt\/galeria\/implantes-no-queixo-antes-depois\/","title":{"rendered":"Implantes no Queixo Antes &#038; Depois"},"content":{"rendered":"\n\t<section class=\"section\" id=\"section_729256932\">\n\t\t<div class=\"section-bg fill\" >\n\t\t\t<img decoding=\"async\" width=\"1920\" height=\"850\" src=\"https:\/\/drmuratsongu.com\/wp-content\/uploads\/2024\/07\/muratsonguslider_1920x850.jpg\" class=\"bg attachment- size-\" alt=\"\" title=\"\">\t\t\t\t\t\t<div class=\"section-bg-overlay absolute fill\"><\/div>\n\t\t\t\n\n\t\t<\/div>\n\n\t\t\n\n\t\t<div class=\"section-content relative\">\n\t\t\t\n  <div id=\"page-header-1244276952\" class=\"page-header-wrapper\">\n  <div class=\"page-title light simple-title\">\n\n    \n    <div class=\"page-title-inner container align-center flex-row medium-flex-wrap\" >\n              <div class=\"title-wrapper flex-col text-left medium-text-center\">\n          <h1 class=\"entry-title mb-0\">\n            Implantes no Queixo Antes &#038; Depois          <\/h1>\n        <\/div>\n                    <div class=\"title-content flex-col flex-right text-right medium-text-center\">\n        <div class=\"title-breadcrumbs pb-half pt-half\"><\/div>      <\/div>\n    <\/div>\n\n       <\/div>\n    <\/div>\n  \n\t\t<\/div>\n\n\t\t\n<style>\n#section_729256932 {\n  padding-top: 30px;\n  padding-bottom: 30px;\n}\n#section_729256932 .section-bg-overlay {\n  background-color: rgba(255, 255, 255, 0.5);\n}\n#section_729256932 .section-bg img {\n  object-position: 24% 42%;\n}\n<\/style>\n\t<\/section>\n\t\n\n\t<section class=\"section\" id=\"section_1723774104\">\n\t\t<div class=\"section-bg fill\" >\n\t\t\t\t\t\t\t\t\t\n\t\t\t\n\n\t\t<\/div>\n\n\t\t\n\n\t\t<div class=\"section-content relative\">\n\t\t\t\n<div class=\"row\"  id=\"row-1294564925\">\n\n\t<div id=\"col-1204342154\" class=\"col border-gorsel small-12 large-12\"  >\n\t\t\t\t<div class=\"col-inner\"  >\n\t\t\t\n\t\t\t\n<p>Descubra como os implantes no queixo podem melhorar o equil\u00edbrio facial e fortalecer o seu perfil com fotos reais de antes e depois do Prof. Dr. Murat Songu, um experiente cirurgi\u00e3o ORL especializado em est\u00e9tica facial. O aumento do queixo \u00e9 frequentemente combinado com a rinoplastia ou outros procedimentos faciais para alcan\u00e7ar uma harmonia ideal e uma apar\u00eancia mais definida.<\/p>\n<p>A nossa galeria fotogr\u00e1fica apresenta resultados naturais em pacientes que procuravam uma linha mandibular mais forte, melhores propor\u00e7\u00f5es faciais ou corre\u00e7\u00e3o de um queixo recuado. Cada procedimento \u00e9 adaptado \u00e0 anatomia e aos objetivos est\u00e9ticos do paciente, garantindo resultados personalizados.<\/p>\n<p>Com a profunda compreens\u00e3o do Prof. Dr. Songu da estrutura facial, especialmente em harmonia com a anatomia nasal, a cirurgia de implante de queixo \u00e9 realizada com precis\u00e3o e seguran\u00e7a. Explore a galeria para ver os resultados transformadores e imagine a sua pr\u00f3pria melhoria.<\/p>\n<p>Contacte-nos hoje para agendar a sua consulta e descubra como os implantes no queixo podem complementar os seus tra\u00e7os faciais com cuidados especializados de um otorrinolaringologista.<\/p>\n\n  \n    <div class=\"row border-gorsel large-columns-3 medium-columns- small-columns-2\" >\n  <div class=\"gallery-col col\" >\n          <div class=\"col-inner\">\n            <a class=\"image-lightbox lightbox-gallery\" href=\"https:\/\/drmuratsongu.com\/wp-content\/uploads\/2025\/09\/Implantes-no-Queixo-Antes-Depois-1.webp\" title=\"\">            <div class=\"box has-hover gallery-box box-default\">\n              <div class=\"box-image image-cover\" style=\"padding-top:75%;\">\n                <img decoding=\"async\" width=\"640\" height=\"426\" src=\"https:\/\/drmuratsongu.com\/wp-content\/uploads\/2025\/09\/Implantes-no-Queixo-Antes-Depois-1.webp\" class=\"border-gorsel\" alt=\"\" ids=\"71398,71414,71430,71446,71462,71478\" style=\"default\" columns=\"3\" image_height=\"75%\" image_size=\"2048x2048\" srcset=\"https:\/\/drmuratsongu.com\/wp-content\/uploads\/2025\/09\/Implantes-no-Queixo-Antes-Depois-1.webp 640w, https:\/\/drmuratsongu.com\/wp-content\/uploads\/2025\/09\/Implantes-no-Queixo-Antes-Depois-1-601x400.webp 601w\" sizes=\"(max-width: 640px) 100vw, 640px\" title=\"\">                                                              <\/div>\n              <div class=\"box-text text-left\" >\n                 <p><\/p>\n              <\/div>\n            <\/div>\n            <\/a>          <\/div>\n         <\/div><div class=\"gallery-col col\" >\n          <div class=\"col-inner\">\n            <a class=\"image-lightbox lightbox-gallery\" href=\"https:\/\/drmuratsongu.com\/wp-content\/uploads\/2025\/09\/Implantes-no-Queixo-Antes-Depois-2.webp\" title=\"\">            <div class=\"box has-hover gallery-box box-default\">\n              <div class=\"box-image image-cover\" style=\"padding-top:75%;\">\n                <img decoding=\"async\" width=\"640\" height=\"269\" src=\"https:\/\/drmuratsongu.com\/wp-content\/uploads\/2025\/09\/Implantes-no-Queixo-Antes-Depois-2.webp\" class=\"border-gorsel\" alt=\"\" ids=\"71398,71414,71430,71446,71462,71478\" style=\"default\" columns=\"3\" image_height=\"75%\" image_size=\"2048x2048\" title=\"\">                                                              <\/div>\n              <div class=\"box-text text-left\" >\n                 <p><\/p>\n              <\/div>\n            <\/div>\n            <\/a>          <\/div>\n         <\/div><div class=\"gallery-col col\" >\n          <div class=\"col-inner\">\n            <a class=\"image-lightbox lightbox-gallery\" href=\"https:\/\/drmuratsongu.com\/wp-content\/uploads\/2025\/09\/Implantes-no-Queixo-Antes-Depois-3.webp\" title=\"\">            <div class=\"box has-hover gallery-box box-default\">\n              <div class=\"box-image image-cover\" style=\"padding-top:75%;\">\n                <img decoding=\"async\" width=\"640\" height=\"267\" src=\"https:\/\/drmuratsongu.com\/wp-content\/uploads\/2025\/09\/Implantes-no-Queixo-Antes-Depois-3.webp\" class=\"border-gorsel\" alt=\"\" ids=\"71398,71414,71430,71446,71462,71478\" style=\"default\" columns=\"3\" image_height=\"75%\" image_size=\"2048x2048\" title=\"\">                                                              <\/div>\n              <div class=\"box-text text-left\" >\n                 <p><\/p>\n              <\/div>\n            <\/div>\n            <\/a>          <\/div>\n         <\/div><div class=\"gallery-col col\" >\n          <div class=\"col-inner\">\n            <a class=\"image-lightbox lightbox-gallery\" href=\"https:\/\/drmuratsongu.com\/wp-content\/uploads\/2025\/09\/Implantes-no-Queixo-Antes-Depois-4.webp\" title=\"\">            <div class=\"box has-hover gallery-box box-default\">\n              <div class=\"box-image image-cover\" style=\"padding-top:75%;\">\n                <img decoding=\"async\" width=\"640\" height=\"415\" src=\"https:\/\/drmuratsongu.com\/wp-content\/uploads\/2025\/09\/Implantes-no-Queixo-Antes-Depois-4.webp\" class=\"border-gorsel\" alt=\"\" ids=\"71398,71414,71430,71446,71462,71478\" style=\"default\" columns=\"3\" image_height=\"75%\" image_size=\"2048x2048\" srcset=\"https:\/\/drmuratsongu.com\/wp-content\/uploads\/2025\/09\/Implantes-no-Queixo-Antes-Depois-4.webp 640w, https:\/\/drmuratsongu.com\/wp-content\/uploads\/2025\/09\/Implantes-no-Queixo-Antes-Depois-4-617x400.webp 617w\" sizes=\"(max-width: 640px) 100vw, 640px\" title=\"\">                                                              <\/div>\n              <div class=\"box-text text-left\" >\n                 <p><\/p>\n              <\/div>\n            <\/div>\n            <\/a>          <\/div>\n         <\/div><div class=\"gallery-col col\" >\n          <div class=\"col-inner\">\n            <a class=\"image-lightbox lightbox-gallery\" href=\"https:\/\/drmuratsongu.com\/wp-content\/uploads\/2025\/09\/Implantes-no-Queixo-Antes-Depois-5-640x800.webp\" title=\"\">            <div class=\"box has-hover gallery-box box-default\">\n              <div class=\"box-image image-cover\" style=\"padding-top:75%;\">\n                <img decoding=\"async\" width=\"1639\" height=\"2048\" src=\"https:\/\/drmuratsongu.com\/wp-content\/uploads\/2025\/09\/Implantes-no-Queixo-Antes-Depois-5-1639x2048.webp\" class=\"border-gorsel\" alt=\"\" ids=\"71398,71414,71430,71446,71462,71478\" style=\"default\" columns=\"3\" image_height=\"75%\" image_size=\"2048x2048\" srcset=\"https:\/\/drmuratsongu.com\/wp-content\/uploads\/2025\/09\/Implantes-no-Queixo-Antes-Depois-5-1639x2048.webp 1639w, https:\/\/drmuratsongu.com\/wp-content\/uploads\/2025\/09\/Implantes-no-Queixo-Antes-Depois-5-320x400.webp 320w, https:\/\/drmuratsongu.com\/wp-content\/uploads\/2025\/09\/Implantes-no-Queixo-Antes-Depois-5-640x800.webp 640w, https:\/\/drmuratsongu.com\/wp-content\/uploads\/2025\/09\/Implantes-no-Queixo-Antes-Depois-5-768x960.webp 768w, https:\/\/drmuratsongu.com\/wp-content\/uploads\/2025\/09\/Implantes-no-Queixo-Antes-Depois-5-1229x1536.webp 1229w, https:\/\/drmuratsongu.com\/wp-content\/uploads\/2025\/09\/Implantes-no-Queixo-Antes-Depois-5-scaled.webp 2048w\" sizes=\"(max-width: 1639px) 100vw, 1639px\" title=\"\">                                                              <\/div>\n              <div class=\"box-text text-left\" >\n                 <p><\/p>\n              <\/div>\n            <\/div>\n            <\/a>          <\/div>\n         <\/div><div class=\"gallery-col col\" >\n          <div class=\"col-inner\">\n            <a class=\"image-lightbox lightbox-gallery\" href=\"https:\/\/drmuratsongu.com\/wp-content\/uploads\/2025\/09\/Implantes-no-Queixo-Antes-Depois-6-640x800.webp\" title=\"\">            <div class=\"box has-hover gallery-box box-default\">\n              <div class=\"box-image image-cover\" style=\"padding-top:75%;\">\n                <img decoding=\"async\" width=\"1639\" height=\"2048\" src=\"https:\/\/drmuratsongu.com\/wp-content\/uploads\/2025\/09\/Implantes-no-Queixo-Antes-Depois-6-1639x2048.webp\" class=\"border-gorsel\" alt=\"\" ids=\"71398,71414,71430,71446,71462,71478\" style=\"default\" columns=\"3\" image_height=\"75%\" image_size=\"2048x2048\" srcset=\"https:\/\/drmuratsongu.com\/wp-content\/uploads\/2025\/09\/Implantes-no-Queixo-Antes-Depois-6-1639x2048.webp 1639w, https:\/\/drmuratsongu.com\/wp-content\/uploads\/2025\/09\/Implantes-no-Queixo-Antes-Depois-6-320x400.webp 320w, https:\/\/drmuratsongu.com\/wp-content\/uploads\/2025\/09\/Implantes-no-Queixo-Antes-Depois-6-640x800.webp 640w, https:\/\/drmuratsongu.com\/wp-content\/uploads\/2025\/09\/Implantes-no-Queixo-Antes-Depois-6-768x960.webp 768w, https:\/\/drmuratsongu.com\/wp-content\/uploads\/2025\/09\/Implantes-no-Queixo-Antes-Depois-6-1229x1536.webp 1229w, https:\/\/drmuratsongu.com\/wp-content\/uploads\/2025\/09\/Implantes-no-Queixo-Antes-Depois-6-scaled.webp 2048w\" sizes=\"(max-width: 1639px) 100vw, 1639px\" title=\"\">                                                              <\/div>\n              <div class=\"box-text text-left\" >\n                 <p><\/p>\n              <\/div>\n            <\/div>\n            <\/a>          <\/div>\n         <\/div><\/div>\n\t\t<\/div>\n\t\t\t\t\t<\/div>\n\n\t\n<\/div>\n\t\t<\/div>\n\n\t\t\n<style>\n#section_1723774104 {\n  padding-top: 30px;\n  padding-bottom: 30px;\n}\n<\/style>\n\t<\/section>\n\t\n","protected":false},"excerpt":{"rendered":"","protected":false},"author":5,"featured_media":0,"parent":51951,"menu_order":0,"comment_status":"closed","ping_status":"closed","template":"page-blank.php","meta":{"footnotes":""},"class_list":["post-52263","page","type-page","status-publish","hentry"],"_links":{"self":[{"href":"https:\/\/drmuratsongu.com\/pt-pt\/wp-json\/wp\/v2\/pages\/52263","targetHints":{"allow":["GET"]}}],"collection":[{"href":"https:\/\/drmuratsongu.com\/pt-pt\/wp-json\/wp\/v2\/pages"}],"about":[{"href":"https:\/\/drmuratsongu.com\/pt-pt\/wp-json\/wp\/v2\/types\/page"}],"author":[{"embeddable":true,"href":"https:\/\/drmuratsongu.com\/pt-pt\/wp-json\/wp\/v2\/users\/5"}],"replies":[{"embeddable":true,"href":"https:\/\/drmuratsongu.com\/pt-pt\/wp-json\/wp\/v2\/comments?post=52263"}],"version-history":[{"count":3,"href":"https:\/\/drmuratsongu.com\/pt-pt\/wp-json\/wp\/v2\/pages\/52263\/revisions"}],"predecessor-version":[{"id":71494,"href":"https:\/\/drmuratsongu.com\/pt-pt\/wp-json\/wp\/v2\/pages\/52263\/revisions\/71494"}],"up":[{"embeddable":true,"href":"https:\/\/drmuratsongu.com\/pt-pt\/wp-json\/wp\/v2\/pages\/51951"}],"wp:attachment":[{"href":"https:\/\/drmuratsongu.com\/pt-pt\/wp-json\/wp\/v2\/media?parent=52263"}],"curies":[{"name":"wp","href":"https:\/\/api.w.org\/{rel}","templated":true}]}}