{"id":52266,"date":"2025-08-22T08:41:30","date_gmt":"2025-08-22T08:41:30","guid":{"rendered":"https:\/\/drmuratsongu.com\/?page_id=52266"},"modified":"2025-09-09T12:46:24","modified_gmt":"2025-09-09T12:46:24","slug":"implanturi-de-barbie-inainte-dupa","status":"publish","type":"page","link":"https:\/\/drmuratsongu.com\/ro\/galerie\/implanturi-de-barbie-inainte-dupa\/","title":{"rendered":"Implanturi de B\u0103rbie \u00cenainte &#038; Dup\u0103"},"content":{"rendered":"\n\t<section class=\"section\" id=\"section_1837500480\">\n\t\t<div class=\"section-bg fill\" >\n\t\t\t<img decoding=\"async\" width=\"1920\" height=\"850\" src=\"https:\/\/drmuratsongu.com\/wp-content\/uploads\/2024\/07\/muratsonguslider_1920x850.jpg\" class=\"bg attachment- size-\" alt=\"\" title=\"\">\t\t\t\t\t\t<div class=\"section-bg-overlay absolute fill\"><\/div>\n\t\t\t\n\n\t\t<\/div>\n\n\t\t\n\n\t\t<div class=\"section-content relative\">\n\t\t\t\n  <div id=\"page-header-441417380\" class=\"page-header-wrapper\">\n  <div class=\"page-title light simple-title\">\n\n    \n    <div class=\"page-title-inner container align-center flex-row medium-flex-wrap\" >\n              <div class=\"title-wrapper flex-col text-left medium-text-center\">\n          <h1 class=\"entry-title mb-0\">\n            Implanturi de B\u0103rbie \u00cenainte &#038; Dup\u0103          <\/h1>\n        <\/div>\n                    <div class=\"title-content flex-col flex-right text-right medium-text-center\">\n        <div class=\"title-breadcrumbs pb-half pt-half\"><\/div>      <\/div>\n    <\/div>\n\n       <\/div>\n    <\/div>\n  \n\t\t<\/div>\n\n\t\t\n<style>\n#section_1837500480 {\n  padding-top: 30px;\n  padding-bottom: 30px;\n}\n#section_1837500480 .section-bg-overlay {\n  background-color: rgba(255, 255, 255, 0.5);\n}\n#section_1837500480 .section-bg img {\n  object-position: 24% 42%;\n}\n<\/style>\n\t<\/section>\n\t\n\n\t<section class=\"section\" id=\"section_1652791970\">\n\t\t<div class=\"section-bg fill\" >\n\t\t\t\t\t\t\t\t\t\n\t\t\t\n\n\t\t<\/div>\n\n\t\t\n\n\t\t<div class=\"section-content relative\">\n\t\t\t\n<div class=\"row\"  id=\"row-495245621\">\n\n\t<div id=\"col-1977940321\" class=\"col border-gorsel small-12 large-12\"  >\n\t\t\t\t<div class=\"col-inner\"  >\n\t\t\t\n\t\t\t\n<p>Descoperi\u021bi cum implanturile de b\u0103rbie pot \u00eembun\u0103t\u0103\u021bi echilibrul facial \u0219i pot eviden\u021bia profilul dumneavoastr\u0103 cu fotografii reale \u00eenainte \u0219i dup\u0103 de la Prof. Dr. Murat Songu, un chirurg ORL experimentat, specializat \u00een estetic\u0103 facial\u0103. Augmentarea b\u0103rbiei este adesea combinat\u0103 cu rinoplastia sau alte proceduri faciale pentru a ob\u021bine o armonie optim\u0103 \u0219i un aspect mai definit.<\/p>\n<p>Galeria noastr\u0103 foto prezint\u0103 rezultate cu aspect natural la pacien\u021bi care \u0219i-au dorit o linie a maxilarului mai ferm\u0103, propor\u021bii faciale \u00eembun\u0103t\u0103\u021bite sau corec\u021bia unei b\u0103rbii retrase. Fiecare procedur\u0103 este adaptat\u0103 anatomiei \u0219i obiectivelor estetice individuale, asigur\u00e2nd rezultate personalizate.<\/p>\n<p>Cu \u00een\u021belegerea aprofundat\u0103 a Prof. Dr. Songu a structurii faciale, \u00een special \u00een armonie cu anatomia nazal\u0103, chirurgia implanturilor de b\u0103rbie este realizat\u0103 cu precizie \u0219i siguran\u021b\u0103. R\u0103sfoi\u021bi galeria pentru a vedea rezultatele transformatoare \u0219i imagina\u021bi-v\u0103 propria \u00eembun\u0103t\u0103\u021bire.<\/p>\n<p>Contacta\u021bi-ne ast\u0103zi pentru a programa consulta\u021bia \u0219i afla\u021bi cum implanturile de b\u0103rbie v\u0103 pot completa tr\u0103s\u0103turile faciale cu \u00eengrijire de specialitate oferit\u0103 de un chirurg ORL.<\/p>\n\n  \n    <div class=\"row border-gorsel large-columns-3 medium-columns- small-columns-2\" >\n  <div class=\"gallery-col col\" >\n          <div class=\"col-inner\">\n            <a class=\"image-lightbox lightbox-gallery\" href=\"https:\/\/drmuratsongu.com\/wp-content\/uploads\/2025\/09\/Implanturi-de-Barbie-Inainte-Dupa-1.webp\" title=\"\">            <div class=\"box has-hover gallery-box box-default\">\n              <div class=\"box-image image-cover\" style=\"padding-top:75%;\">\n                <img decoding=\"async\" width=\"640\" height=\"426\" src=\"https:\/\/drmuratsongu.com\/wp-content\/uploads\/2025\/09\/Implanturi-de-Barbie-Inainte-Dupa-1.webp\" class=\"border-gorsel\" alt=\"\" ids=\"71497,71513,71529,71545,71561,71577\" style=\"default\" columns=\"3\" image_height=\"75%\" image_size=\"2048x2048\" srcset=\"https:\/\/drmuratsongu.com\/wp-content\/uploads\/2025\/09\/Implanturi-de-Barbie-Inainte-Dupa-1.webp 640w, https:\/\/drmuratsongu.com\/wp-content\/uploads\/2025\/09\/Implanturi-de-Barbie-Inainte-Dupa-1-601x400.webp 601w\" sizes=\"(max-width: 640px) 100vw, 640px\" title=\"\">                                                              <\/div>\n              <div class=\"box-text text-left\" >\n                 <p><\/p>\n              <\/div>\n            <\/div>\n            <\/a>          <\/div>\n         <\/div><div class=\"gallery-col col\" >\n          <div class=\"col-inner\">\n            <a class=\"image-lightbox lightbox-gallery\" href=\"https:\/\/drmuratsongu.com\/wp-content\/uploads\/2025\/09\/Implanturi-de-Barbie-Inainte-Dupa-2.webp\" title=\"\">            <div class=\"box has-hover gallery-box box-default\">\n              <div class=\"box-image image-cover\" style=\"padding-top:75%;\">\n                <img decoding=\"async\" width=\"640\" height=\"269\" src=\"https:\/\/drmuratsongu.com\/wp-content\/uploads\/2025\/09\/Implanturi-de-Barbie-Inainte-Dupa-2.webp\" class=\"border-gorsel\" alt=\"\" ids=\"71497,71513,71529,71545,71561,71577\" style=\"default\" columns=\"3\" image_height=\"75%\" image_size=\"2048x2048\" title=\"\">                                                              <\/div>\n              <div class=\"box-text text-left\" >\n                 <p><\/p>\n              <\/div>\n            <\/div>\n            <\/a>          <\/div>\n         <\/div><div class=\"gallery-col col\" >\n          <div class=\"col-inner\">\n            <a class=\"image-lightbox lightbox-gallery\" href=\"https:\/\/drmuratsongu.com\/wp-content\/uploads\/2025\/09\/Implanturi-de-Barbie-Inainte-Dupa-3.webp\" title=\"\">            <div class=\"box has-hover gallery-box box-default\">\n              <div class=\"box-image image-cover\" style=\"padding-top:75%;\">\n                <img decoding=\"async\" width=\"640\" height=\"267\" src=\"https:\/\/drmuratsongu.com\/wp-content\/uploads\/2025\/09\/Implanturi-de-Barbie-Inainte-Dupa-3.webp\" class=\"border-gorsel\" alt=\"\" ids=\"71497,71513,71529,71545,71561,71577\" style=\"default\" columns=\"3\" image_height=\"75%\" image_size=\"2048x2048\" title=\"\">                                                              <\/div>\n              <div class=\"box-text text-left\" >\n                 <p><\/p>\n              <\/div>\n            <\/div>\n            <\/a>          <\/div>\n         <\/div><div class=\"gallery-col col\" >\n          <div class=\"col-inner\">\n            <a class=\"image-lightbox lightbox-gallery\" href=\"https:\/\/drmuratsongu.com\/wp-content\/uploads\/2025\/09\/Implanturi-de-Barbie-Inainte-Dupa-4.webp\" title=\"\">            <div class=\"box has-hover gallery-box box-default\">\n              <div class=\"box-image image-cover\" style=\"padding-top:75%;\">\n                <img decoding=\"async\" width=\"640\" height=\"415\" src=\"https:\/\/drmuratsongu.com\/wp-content\/uploads\/2025\/09\/Implanturi-de-Barbie-Inainte-Dupa-4.webp\" class=\"border-gorsel\" alt=\"\" ids=\"71497,71513,71529,71545,71561,71577\" style=\"default\" columns=\"3\" image_height=\"75%\" image_size=\"2048x2048\" srcset=\"https:\/\/drmuratsongu.com\/wp-content\/uploads\/2025\/09\/Implanturi-de-Barbie-Inainte-Dupa-4.webp 640w, https:\/\/drmuratsongu.com\/wp-content\/uploads\/2025\/09\/Implanturi-de-Barbie-Inainte-Dupa-4-617x400.webp 617w\" sizes=\"(max-width: 640px) 100vw, 640px\" title=\"\">                                                              <\/div>\n              <div class=\"box-text text-left\" >\n                 <p><\/p>\n              <\/div>\n            <\/div>\n            <\/a>          <\/div>\n         <\/div><div class=\"gallery-col col\" >\n          <div class=\"col-inner\">\n            <a class=\"image-lightbox lightbox-gallery\" href=\"https:\/\/drmuratsongu.com\/wp-content\/uploads\/2025\/09\/Implanturi-de-Barbie-Inainte-Dupa-5-640x800.webp\" title=\"\">            <div class=\"box has-hover gallery-box box-default\">\n              <div class=\"box-image image-cover\" style=\"padding-top:75%;\">\n                <img decoding=\"async\" width=\"1639\" height=\"2048\" src=\"https:\/\/drmuratsongu.com\/wp-content\/uploads\/2025\/09\/Implanturi-de-Barbie-Inainte-Dupa-5-1639x2048.webp\" class=\"border-gorsel\" alt=\"\" ids=\"71497,71513,71529,71545,71561,71577\" style=\"default\" columns=\"3\" image_height=\"75%\" image_size=\"2048x2048\" srcset=\"https:\/\/drmuratsongu.com\/wp-content\/uploads\/2025\/09\/Implanturi-de-Barbie-Inainte-Dupa-5-1639x2048.webp 1639w, https:\/\/drmuratsongu.com\/wp-content\/uploads\/2025\/09\/Implanturi-de-Barbie-Inainte-Dupa-5-320x400.webp 320w, https:\/\/drmuratsongu.com\/wp-content\/uploads\/2025\/09\/Implanturi-de-Barbie-Inainte-Dupa-5-640x800.webp 640w, https:\/\/drmuratsongu.com\/wp-content\/uploads\/2025\/09\/Implanturi-de-Barbie-Inainte-Dupa-5-768x960.webp 768w, https:\/\/drmuratsongu.com\/wp-content\/uploads\/2025\/09\/Implanturi-de-Barbie-Inainte-Dupa-5-1229x1536.webp 1229w, https:\/\/drmuratsongu.com\/wp-content\/uploads\/2025\/09\/Implanturi-de-Barbie-Inainte-Dupa-5-scaled.webp 2048w\" sizes=\"(max-width: 1639px) 100vw, 1639px\" title=\"\">                                                              <\/div>\n              <div class=\"box-text text-left\" >\n                 <p><\/p>\n              <\/div>\n            <\/div>\n            <\/a>          <\/div>\n         <\/div><div class=\"gallery-col col\" >\n          <div class=\"col-inner\">\n            <a class=\"image-lightbox lightbox-gallery\" href=\"https:\/\/drmuratsongu.com\/wp-content\/uploads\/2025\/09\/Implanturi-de-Barbie-Inainte-Dupa-6-640x800.webp\" title=\"\">            <div class=\"box has-hover gallery-box box-default\">\n              <div class=\"box-image image-cover\" style=\"padding-top:75%;\">\n                <img decoding=\"async\" width=\"1639\" height=\"2048\" src=\"https:\/\/drmuratsongu.com\/wp-content\/uploads\/2025\/09\/Implanturi-de-Barbie-Inainte-Dupa-6-1639x2048.webp\" class=\"border-gorsel\" alt=\"\" ids=\"71497,71513,71529,71545,71561,71577\" style=\"default\" columns=\"3\" image_height=\"75%\" image_size=\"2048x2048\" srcset=\"https:\/\/drmuratsongu.com\/wp-content\/uploads\/2025\/09\/Implanturi-de-Barbie-Inainte-Dupa-6-1639x2048.webp 1639w, https:\/\/drmuratsongu.com\/wp-content\/uploads\/2025\/09\/Implanturi-de-Barbie-Inainte-Dupa-6-320x400.webp 320w, https:\/\/drmuratsongu.com\/wp-content\/uploads\/2025\/09\/Implanturi-de-Barbie-Inainte-Dupa-6-640x800.webp 640w, https:\/\/drmuratsongu.com\/wp-content\/uploads\/2025\/09\/Implanturi-de-Barbie-Inainte-Dupa-6-768x960.webp 768w, https:\/\/drmuratsongu.com\/wp-content\/uploads\/2025\/09\/Implanturi-de-Barbie-Inainte-Dupa-6-1229x1536.webp 1229w, https:\/\/drmuratsongu.com\/wp-content\/uploads\/2025\/09\/Implanturi-de-Barbie-Inainte-Dupa-6-scaled.webp 2048w\" sizes=\"(max-width: 1639px) 100vw, 1639px\" title=\"\">                                                              <\/div>\n              <div class=\"box-text text-left\" >\n                 <p><\/p>\n              <\/div>\n            <\/div>\n            <\/a>          <\/div>\n         <\/div><\/div>\n\t\t<\/div>\n\t\t\t\t\t<\/div>\n\n\t\n<\/div>\n\t\t<\/div>\n\n\t\t\n<style>\n#section_1652791970 {\n  padding-top: 30px;\n  padding-bottom: 30px;\n}\n<\/style>\n\t<\/section>\n\t\n","protected":false},"excerpt":{"rendered":"","protected":false},"author":5,"featured_media":0,"parent":51956,"menu_order":0,"comment_status":"closed","ping_status":"closed","template":"page-blank.php","meta":{"footnotes":""},"class_list":["post-52266","page","type-page","status-publish","hentry"],"_links":{"self":[{"href":"https:\/\/drmuratsongu.com\/ro\/wp-json\/wp\/v2\/pages\/52266","targetHints":{"allow":["GET"]}}],"collection":[{"href":"https:\/\/drmuratsongu.com\/ro\/wp-json\/wp\/v2\/pages"}],"about":[{"href":"https:\/\/drmuratsongu.com\/ro\/wp-json\/wp\/v2\/types\/page"}],"author":[{"embeddable":true,"href":"https:\/\/drmuratsongu.com\/ro\/wp-json\/wp\/v2\/users\/5"}],"replies":[{"embeddable":true,"href":"https:\/\/drmuratsongu.com\/ro\/wp-json\/wp\/v2\/comments?post=52266"}],"version-history":[{"count":3,"href":"https:\/\/drmuratsongu.com\/ro\/wp-json\/wp\/v2\/pages\/52266\/revisions"}],"predecessor-version":[{"id":71593,"href":"https:\/\/drmuratsongu.com\/ro\/wp-json\/wp\/v2\/pages\/52266\/revisions\/71593"}],"up":[{"embeddable":true,"href":"https:\/\/drmuratsongu.com\/ro\/wp-json\/wp\/v2\/pages\/51956"}],"wp:attachment":[{"href":"https:\/\/drmuratsongu.com\/ro\/wp-json\/wp\/v2\/media?parent=52266"}],"curies":[{"name":"wp","href":"https:\/\/api.w.org\/{rel}","templated":true}]}}