{"id":31791,"date":"2024-08-08T13:21:39","date_gmt":"2024-08-08T13:21:39","guid":{"rendered":"https:\/\/drmuratsongu.com\/?page_id=31791"},"modified":"2026-04-01T10:17:28","modified_gmt":"2026-04-01T07:17:28","slug":"kontakt","status":"publish","type":"page","link":"https:\/\/drmuratsongu.com\/sv\/kontakt\/","title":{"rendered":"Kontakt"},"content":{"rendered":"\n\t<section class=\"section\" id=\"section_1691833273\">\n\t\t<div class=\"section-bg fill\" >\n\t\t\t<img decoding=\"async\" width=\"1920\" height=\"850\" src=\"https:\/\/drmuratsongu.com\/wp-content\/uploads\/2024\/07\/muratsonguslider_1920x850.jpg\" class=\"bg attachment- size-\" alt=\"\" title=\"\">\t\t\t\t\t\t<div class=\"section-bg-overlay absolute fill\"><\/div>\n\t\t\t\n\n\t\t<\/div>\n\n\t\t\n\n\t\t<div class=\"section-content relative\">\n\t\t\t\n  <div id=\"page-header-957082015\" class=\"page-header-wrapper\">\n  <div class=\"page-title light simple-title\">\n\n    \n    <div class=\"page-title-inner container align-center flex-row medium-flex-wrap\" >\n              <div class=\"title-wrapper flex-col text-left medium-text-center\">\n          <h1 class=\"entry-title mb-0\">\n            Kontakt          <\/h1>\n        <\/div>\n                    <div class=\"title-content flex-col flex-right text-right medium-text-center\">\n        <div class=\"title-breadcrumbs pb-half pt-half\"><\/div>      <\/div>\n    <\/div>\n\n       <\/div>\n    <\/div>\n  \n\t\t<\/div>\n\n\t\t\n<style>\n#section_1691833273 {\n  padding-top: 30px;\n  padding-bottom: 30px;\n}\n#section_1691833273 .section-bg-overlay {\n  background-color: rgba(255, 255, 255, 0.5);\n}\n#section_1691833273 .section-bg img {\n  object-position: 24% 42%;\n}\n<\/style>\n\t<\/section>\n\t\n\n\t<section class=\"section\" id=\"section_2123529934\">\n\t\t<div class=\"section-bg fill\" >\n\t\t\t\t\t\t\t\t\t\n\t\t\t\n\n\t\t<\/div>\n\n\t\t\n\n\t\t<div class=\"section-content relative\">\n\t\t\t\n<div class=\"row row-collapse align-equal\"  id=\"row-869160937\">\n\n\t<div id=\"col-363443032\" class=\"col medium-6 small-12 large-6\"  >\n\t\t\t\t<div class=\"col-inner box-shadow-3\" style=\"background-color:rgb(255,255,255);\" >\n\t\t\t\n\t\t\t\n\t<div id=\"text-930131055\" class=\"text\">\n\t\t\n<h2><span style=\"color: #282828;\">Kontaktuppgifter<\/span><\/h2>\n<p><span style=\"color: #282828;\"><strong>Whatsapp:<\/strong> <a style=\"color: #282828;\" href=\"https:\/\/api.whatsapp.com\/send\/?phone=905321300316&amp;text&amp;type=phone_number&amp;app_absent=0\" target=\"_blank\" rel=\"noopener\">+90 532 130 03 16<\/a><\/span><\/p>\n<p><span style=\"color: #282828;\"><!-- .dsvy-ihbox-contents --><\/span><\/p>\n<p><span style=\"color: #282828;\"><strong>Adress: <\/strong><a style=\"color: #282828;\" href=\"https:\/\/maps.app.goo.gl\/5fHmEBdeH8w849SU8\" target=\"_blank\" rel=\"noopener\">K\u00fclt\u00fcr Mahallesi, Alsancak, Vas\u0131f \u00c7\u0131nar Blv No:11 D:1, 35220 Konak\/\u0130zmir<\/a><\/span><\/p>\n<p><span style=\"color: #282828;\"><!-- .dsvy-ihbox-contents --><\/span><\/p>\n<p><span style=\"color: #282828;\"><strong>E-post: <\/strong><!-- .dsvy-ihbox-contents --><a style=\"color: #282828;\" href=\"mailto:info@drmuratsongu.com\">info@drmuratsongu.com<\/a><\/span><\/p>\n\t\t\n<style>\n#text-930131055 {\n  font-size: 1rem;\n}\n@media (min-width:550px) {\n  #text-930131055 {\n    font-size: 1.25rem;\n  }\n}\n<\/style>\n\t<\/div>\n\t\n<div class=\"social-icons follow-icons\" ><a href=\"https:\/\/www.facebook.com\/prof.dr.muratsongu\" target=\"_blank\" data-label=\"Facebook\" class=\"icon primary button circle facebook tooltip\" title=\"Follow on Facebook\" aria-label=\"Follow on Facebook\" rel=\"noopener nofollow\"><i class=\"icon-facebook\" ><\/i><\/a><a href=\"https:\/\/www.instagram.com\/prof.dr.muratsongu\/\" target=\"_blank\" data-label=\"Instagram\" class=\"icon primary button circle instagram tooltip\" title=\"Follow on Instagram\" aria-label=\"Follow on Instagram\" rel=\"noopener nofollow\"><i class=\"icon-instagram\" ><\/i><\/a><a href=\"https:\/\/www.tiktok.com\/@profdrmuratsongu\" target=\"_blank\" data-label=\"TikTok\" class=\"icon primary button circle tiktok tooltip\" title=\"Follow on TikTok\" aria-label=\"Follow on TikTok\" rel=\"noopener nofollow\"><i class=\"icon-tiktok\" ><\/i><\/a><a href=\"mailto:info@drmuratsongu.com\" data-label=\"E-mail\" target=\"_blank\" class=\"icon primary button circle email tooltip\" title=\"Send us an email\" aria-label=\"Send us an email\" rel=\"nofollow noopener\" ><i class=\"icon-envelop\" ><\/i><\/a><a href=\"tel:+90 532 130 03 16\" data-label=\"Phone\" target=\"_blank\" class=\"icon primary button circle phone tooltip\" title=\"Call us\" aria-label=\"Call us\" rel=\"nofollow noopener\" ><i class=\"icon-phone\" ><\/i><\/a><a href=\"https:\/\/www.linkedin.com\/in\/murat-songu-401901326\/\" data-label=\"LinkedIn\" target=\"_blank\" class=\"icon primary button circle linkedin tooltip\" title=\"Follow on LinkedIn\" aria-label=\"Follow on LinkedIn\" rel=\"noopener nofollow\"><i class=\"icon-linkedin\" ><\/i><\/a><a href=\"https:\/\/www.youtube.com\/@prof.dr.muratsongu\" data-label=\"YouTube\" target=\"_blank\" class=\"icon primary button circle youtube tooltip\" title=\"Follow on YouTube\" aria-label=\"Follow on YouTube\" rel=\"noopener nofollow\"><i class=\"icon-youtube\" ><\/i><\/a><\/div>\n\t\t<\/div>\n\t\t\t\t\n<style>\n#col-363443032 > .col-inner {\n  padding: 30px 0px 20px 30px;\n  margin: 0px 0px 0px 0px;\n}\n@media (min-width:550px) {\n  #col-363443032 > .col-inner {\n    padding: 40px 0px 20px 30px;\n  }\n}\n<\/style>\n\t<\/div>\n\n\t\n\n\t<div id=\"col-976568575\" class=\"col medium-6 small-12 large-6\"  >\n\t\t\t\t<div class=\"col-inner box-shadow-2 dark\" style=\"background-color:#192136;\" >\n\t\t\t\n\t\t\t\n\n<div class=\"wpcf7 no-js\" id=\"wpcf7-f31788-o1\" lang=\"sv\" dir=\"ltr\" data-wpcf7-id=\"31788\">\n<div class=\"screen-reader-response\"><p role=\"status\" aria-live=\"polite\" aria-atomic=\"true\"><\/p> <ul><\/ul><\/div>\n<form action=\"\/sv\/wp-json\/wp\/v2\/pages\/31791#wpcf7-f31788-o1\" method=\"post\" class=\"wpcf7-form init\" aria-label=\"Contact form\" novalidate=\"novalidate\" data-status=\"init\">\n<fieldset class=\"hidden-fields-container\"><input type=\"hidden\" name=\"_wpcf7\" value=\"31788\" \/><input type=\"hidden\" name=\"_wpcf7_version\" value=\"6.1.5\" \/><input type=\"hidden\" name=\"_wpcf7_locale\" value=\"sv\" \/><input type=\"hidden\" name=\"_wpcf7_unit_tag\" value=\"wpcf7-f31788-o1\" \/><input type=\"hidden\" name=\"_wpcf7_container_post\" value=\"0\" \/><input type=\"hidden\" name=\"_wpcf7_posted_data_hash\" value=\"\" \/>\n<\/fieldset>\n<p><span class=\"wpcf7-form-control-wrap\" data-name=\"name-1\"><input size=\"40\" maxlength=\"400\" class=\"wpcf7-form-control wpcf7-text\" aria-invalid=\"false\" placeholder=\"F\u00f6rnamn-Efternamn *\" value=\"\" type=\"text\" name=\"name-1\" \/><\/span>\n<\/p>\n<p><span class=\"wpcf7-form-control-wrap\" data-name=\"email-613\"><input size=\"40\" maxlength=\"400\" class=\"wpcf7-form-control wpcf7-email wpcf7-text wpcf7-validates-as-email\" aria-invalid=\"false\" placeholder=\"Din E-post *\" value=\"\" type=\"email\" name=\"email-613\" \/><\/span>\n<\/p>\n<p><span class=\"wpcf7-form-control-wrap\" data-name=\"phonetext-546\"><input size=\"40\" class=\"wpcf7-form-control wpcf7-phonetext wpcf7-validates-as-required wpcf7-text wpcf7-validates-as-phonetext\" aria-required=\"true\" aria-invalid=\"false\" placeholder=\"Telefonnummer\" value=\"\" type=\"text\" name=\"phonetext-546\" \/><input type=\"hidden\" name=\"phonetext-546-country-code\" class=\"wpcf7-phonetext-country-code\" \/><\/span>\n<\/p>\n<p><span class=\"wpcf7-form-control-wrap\" data-name=\"textarea-749\"><textarea cols=\"40\" rows=\"10\" maxlength=\"2000\" class=\"wpcf7-form-control wpcf7-textarea\" aria-invalid=\"false\" placeholder=\"Meddelande\" name=\"textarea-749\"><\/textarea><\/span>\n<\/p>\n<p><input class=\"wpcf7-form-control wpcf7-submit has-spinner\" type=\"submit\" value=\"Skicka\" \/>\n<\/p><p style=\"display: none !important;\" class=\"akismet-fields-container\" data-prefix=\"_wpcf7_ak_\"><label>&#916;<textarea name=\"_wpcf7_ak_hp_textarea\" cols=\"45\" rows=\"8\" maxlength=\"100\"><\/textarea><\/label><input type=\"hidden\" id=\"ak_js_1\" name=\"_wpcf7_ak_js\" value=\"98\"\/><script>document.getElementById( \"ak_js_1\" ).setAttribute( \"value\", ( new Date() ).getTime() );<\/script><\/p><div class=\"wpcf7-response-output\" aria-hidden=\"true\"><\/div>\n<\/form>\n<\/div>\n\n\t\t<\/div>\n\t\t\t\t\n<style>\n#col-976568575 > .col-inner {\n  padding: 30px 40px 10px 30px;\n  margin: 0px 0px 0px 0px;\n}\n@media (min-width:550px) {\n  #col-976568575 > .col-inner {\n    padding: 40px 50px 1px 50px;\n  }\n}\n<\/style>\n\t<\/div>\n\n\t\n<\/div>\n\t\t<\/div>\n\n\t\t\n<style>\n#section_2123529934 {\n  padding-top: 60px;\n  padding-bottom: 60px;\n}\n<\/style>\n\t<\/section>\n\t\n\n<p><iframe style=\"margin-bottom: -30px;\" src=\"https:\/\/www.google.com\/maps\/embed?pb=!1m18!1m12!1m3!1d3125.463980677113!2d27.136529175914433!3d38.430750571827495!2m3!1f0!2f0!3f0!3m2!1i1024!2i768!4f13.1!3m3!1m2!1s0x14bbd952bd26830d%3A0x6dc99987984511ee!2sProf.%20Dr.%20Murat%20Songu!5e0!3m2!1str!2str!4v1696338415803!5m2!1str!2str\" width=\"100%\" height=\"600\" allowfullscreen=\"allowfullscreen\"><\/iframe><br \/>\n\n","protected":false},"excerpt":{"rendered":"","protected":false},"author":5,"featured_media":0,"parent":0,"menu_order":15,"comment_status":"closed","ping_status":"closed","template":"page-blank.php","meta":{"footnotes":""},"class_list":["post-31791","page","type-page","status-publish","hentry"],"_links":{"self":[{"href":"https:\/\/drmuratsongu.com\/sv\/wp-json\/wp\/v2\/pages\/31791","targetHints":{"allow":["GET"]}}],"collection":[{"href":"https:\/\/drmuratsongu.com\/sv\/wp-json\/wp\/v2\/pages"}],"about":[{"href":"https:\/\/drmuratsongu.com\/sv\/wp-json\/wp\/v2\/types\/page"}],"author":[{"embeddable":true,"href":"https:\/\/drmuratsongu.com\/sv\/wp-json\/wp\/v2\/users\/5"}],"replies":[{"embeddable":true,"href":"https:\/\/drmuratsongu.com\/sv\/wp-json\/wp\/v2\/comments?post=31791"}],"version-history":[{"count":3,"href":"https:\/\/drmuratsongu.com\/sv\/wp-json\/wp\/v2\/pages\/31791\/revisions"}],"predecessor-version":[{"id":175833,"href":"https:\/\/drmuratsongu.com\/sv\/wp-json\/wp\/v2\/pages\/31791\/revisions\/175833"}],"wp:attachment":[{"href":"https:\/\/drmuratsongu.com\/sv\/wp-json\/wp\/v2\/media?parent=31791"}],"curies":[{"name":"wp","href":"https:\/\/api.w.org\/{rel}","templated":true}]}}