{"id":45534,"date":"2025-05-16T11:15:35","date_gmt":"2025-05-16T11:15:35","guid":{"rendered":"https:\/\/drmuratsongu.com\/?page_id=45534"},"modified":"2025-09-09T12:51:20","modified_gmt":"2025-09-09T12:51:20","slug":"hakimplantat-fore-och-efterbilder","status":"publish","type":"page","link":"https:\/\/drmuratsongu.com\/sv\/fore-och-efter-galleri\/hakimplantat-fore-och-efterbilder\/","title":{"rendered":"Hakimplantat F\u00f6re- och Efterbilder"},"content":{"rendered":"\n\t<section class=\"section\" id=\"section_209866343\">\n\t\t<div class=\"section-bg fill\" >\n\t\t\t<img decoding=\"async\" width=\"1920\" height=\"850\" src=\"https:\/\/drmuratsongu.com\/wp-content\/uploads\/2024\/07\/muratsonguslider_1920x850.jpg\" class=\"bg attachment- size-\" alt=\"\" title=\"\">\t\t\t\t\t\t<div class=\"section-bg-overlay absolute fill\"><\/div>\n\t\t\t\n\n\t\t<\/div>\n\n\t\t\n\n\t\t<div class=\"section-content relative\">\n\t\t\t\n  <div id=\"page-header-482094397\" class=\"page-header-wrapper\">\n  <div class=\"page-title light simple-title\">\n\n    \n    <div class=\"page-title-inner container align-center flex-row medium-flex-wrap\" >\n              <div class=\"title-wrapper flex-col text-left medium-text-center\">\n          <h1 class=\"entry-title mb-0\">\n            Hakimplantat F\u00f6re- och Efterbilder          <\/h1>\n        <\/div>\n                    <div class=\"title-content flex-col flex-right text-right medium-text-center\">\n        <div class=\"title-breadcrumbs pb-half pt-half\"><\/div>      <\/div>\n    <\/div>\n\n       <\/div>\n    <\/div>\n  \n\t\t<\/div>\n\n\t\t\n<style>\n#section_209866343 {\n  padding-top: 30px;\n  padding-bottom: 30px;\n}\n#section_209866343 .section-bg-overlay {\n  background-color: rgba(255, 255, 255, 0.5);\n}\n#section_209866343 .section-bg img {\n  object-position: 24% 42%;\n}\n<\/style>\n\t<\/section>\n\t\n\n\t<section class=\"section\" id=\"section_721650170\">\n\t\t<div class=\"section-bg fill\" >\n\t\t\t\t\t\t\t\t\t\n\t\t\t\n\n\t\t<\/div>\n\n\t\t\n\n\t\t<div class=\"section-content relative\">\n\t\t\t\n<div class=\"row\"  id=\"row-744243137\">\n\n\t<div id=\"col-1141574059\" class=\"col border-gorsel small-12 large-12\"  >\n\t\t\t\t<div class=\"col-inner\"  >\n\t\t\t\n\t\t\t\n<p>Uppt\u00e4ck hur hakimplantat kan f\u00f6rb\u00e4ttra ansiktsbalansen och f\u00f6rst\u00e4rka din profil med verkliga f\u00f6re- och efterbilder fr\u00e5n Prof. Dr. Murat Songu, en erfaren \u00d6NH-kirurg specialiserad p\u00e5 ansiktsestetik. Hakf\u00f6rstoring kombineras ofta med n\u00e4soperation eller andra ansiktsingrepp f\u00f6r att uppn\u00e5 optimal harmoni och ett mer definierat utseende.<\/p>\n<p>V\u00e5rt fotogalleri visar naturliga resultat hos patienter som \u00f6nskade en starkare k\u00e4klinje, f\u00f6rb\u00e4ttrade ansiktsproportioner eller korrigering av en indragen haka. Varje ingrepp skr\u00e4ddarsys efter individens anatomi och estetiska m\u00e5l f\u00f6r att s\u00e4kerst\u00e4lla personliga resultat.<\/p>\n<p>Med Prof. Dr. Songus djupa f\u00f6rst\u00e5else f\u00f6r ansiktets struktur, s\u00e4rskilt i harmoni med n\u00e4sans anatomi, utf\u00f6rs hakimplantatkirurgi med precision och s\u00e4kerhet. Utforska galleriet f\u00f6r att se de transformerande resultaten och f\u00f6rest\u00e4ll dig din potentiella f\u00f6rb\u00e4ttring.<\/p>\n<p>Kontakta oss idag f\u00f6r att boka en konsultation och f\u00e5 veta hur hakimplantat kan komplettera dina ansiktsdrag med professionell \u00d6NH-v\u00e5rd.<\/p>\n\n  \n    <div class=\"row border-gorsel large-columns-3 medium-columns- small-columns-2\" >\n  <div class=\"gallery-col col\" >\n          <div class=\"col-inner\">\n            <a class=\"image-lightbox lightbox-gallery\" href=\"https:\/\/drmuratsongu.com\/wp-content\/uploads\/2025\/09\/Hakimplantat-Fore-och-Efterbilder-1.webp\" title=\"\">            <div class=\"box has-hover gallery-box box-default\">\n              <div class=\"box-image image-cover\" style=\"padding-top:75%;\">\n                <img decoding=\"async\" width=\"640\" height=\"426\" src=\"https:\/\/drmuratsongu.com\/wp-content\/uploads\/2025\/09\/Hakimplantat-Fore-och-Efterbilder-1.webp\" class=\"border-gorsel\" alt=\"\" ids=\"71794,71810,71826,71842,71858,71874\" style=\"default\" columns=\"3\" image_height=\"75%\" image_size=\"2048x2048\" srcset=\"https:\/\/drmuratsongu.com\/wp-content\/uploads\/2025\/09\/Hakimplantat-Fore-och-Efterbilder-1.webp 640w, https:\/\/drmuratsongu.com\/wp-content\/uploads\/2025\/09\/Hakimplantat-Fore-och-Efterbilder-1-601x400.webp 601w\" sizes=\"(max-width: 640px) 100vw, 640px\" title=\"\">                                                              <\/div>\n              <div class=\"box-text text-left\" >\n                 <p><\/p>\n              <\/div>\n            <\/div>\n            <\/a>          <\/div>\n         <\/div><div class=\"gallery-col col\" >\n          <div class=\"col-inner\">\n            <a class=\"image-lightbox lightbox-gallery\" href=\"https:\/\/drmuratsongu.com\/wp-content\/uploads\/2025\/09\/Hakimplantat-Fore-och-Efterbilder-2.webp\" title=\"\">            <div class=\"box has-hover gallery-box box-default\">\n              <div class=\"box-image image-cover\" style=\"padding-top:75%;\">\n                <img decoding=\"async\" width=\"640\" height=\"269\" src=\"https:\/\/drmuratsongu.com\/wp-content\/uploads\/2025\/09\/Hakimplantat-Fore-och-Efterbilder-2.webp\" class=\"border-gorsel\" alt=\"\" ids=\"71794,71810,71826,71842,71858,71874\" style=\"default\" columns=\"3\" image_height=\"75%\" image_size=\"2048x2048\" title=\"\">                                                              <\/div>\n              <div class=\"box-text text-left\" >\n                 <p><\/p>\n              <\/div>\n            <\/div>\n            <\/a>          <\/div>\n         <\/div><div class=\"gallery-col col\" >\n          <div class=\"col-inner\">\n            <a class=\"image-lightbox lightbox-gallery\" href=\"https:\/\/drmuratsongu.com\/wp-content\/uploads\/2025\/09\/Hakimplantat-Fore-och-Efterbilder-3.webp\" title=\"\">            <div class=\"box has-hover gallery-box box-default\">\n              <div class=\"box-image image-cover\" style=\"padding-top:75%;\">\n                <img decoding=\"async\" width=\"640\" height=\"267\" src=\"https:\/\/drmuratsongu.com\/wp-content\/uploads\/2025\/09\/Hakimplantat-Fore-och-Efterbilder-3.webp\" class=\"border-gorsel\" alt=\"\" ids=\"71794,71810,71826,71842,71858,71874\" style=\"default\" columns=\"3\" image_height=\"75%\" image_size=\"2048x2048\" title=\"\">                                                              <\/div>\n              <div class=\"box-text text-left\" >\n                 <p><\/p>\n              <\/div>\n            <\/div>\n            <\/a>          <\/div>\n         <\/div><div class=\"gallery-col col\" >\n          <div class=\"col-inner\">\n            <a class=\"image-lightbox lightbox-gallery\" href=\"https:\/\/drmuratsongu.com\/wp-content\/uploads\/2025\/09\/Hakimplantat-Fore-och-Efterbilder-4.webp\" title=\"\">            <div class=\"box has-hover gallery-box box-default\">\n              <div class=\"box-image image-cover\" style=\"padding-top:75%;\">\n                <img decoding=\"async\" width=\"640\" height=\"415\" src=\"https:\/\/drmuratsongu.com\/wp-content\/uploads\/2025\/09\/Hakimplantat-Fore-och-Efterbilder-4.webp\" class=\"border-gorsel\" alt=\"\" ids=\"71794,71810,71826,71842,71858,71874\" style=\"default\" columns=\"3\" image_height=\"75%\" image_size=\"2048x2048\" srcset=\"https:\/\/drmuratsongu.com\/wp-content\/uploads\/2025\/09\/Hakimplantat-Fore-och-Efterbilder-4.webp 640w, https:\/\/drmuratsongu.com\/wp-content\/uploads\/2025\/09\/Hakimplantat-Fore-och-Efterbilder-4-617x400.webp 617w\" sizes=\"(max-width: 640px) 100vw, 640px\" title=\"\">                                                              <\/div>\n              <div class=\"box-text text-left\" >\n                 <p><\/p>\n              <\/div>\n            <\/div>\n            <\/a>          <\/div>\n         <\/div><div class=\"gallery-col col\" >\n          <div class=\"col-inner\">\n            <a class=\"image-lightbox lightbox-gallery\" href=\"https:\/\/drmuratsongu.com\/wp-content\/uploads\/2025\/09\/Hakimplantat-Fore-och-Efterbilder-5-640x800.webp\" title=\"\">            <div class=\"box has-hover gallery-box box-default\">\n              <div class=\"box-image image-cover\" style=\"padding-top:75%;\">\n                <img decoding=\"async\" width=\"1639\" height=\"2048\" src=\"https:\/\/drmuratsongu.com\/wp-content\/uploads\/2025\/09\/Hakimplantat-Fore-och-Efterbilder-5-1639x2048.webp\" class=\"border-gorsel\" alt=\"\" ids=\"71794,71810,71826,71842,71858,71874\" style=\"default\" columns=\"3\" image_height=\"75%\" image_size=\"2048x2048\" srcset=\"https:\/\/drmuratsongu.com\/wp-content\/uploads\/2025\/09\/Hakimplantat-Fore-och-Efterbilder-5-1639x2048.webp 1639w, https:\/\/drmuratsongu.com\/wp-content\/uploads\/2025\/09\/Hakimplantat-Fore-och-Efterbilder-5-320x400.webp 320w, https:\/\/drmuratsongu.com\/wp-content\/uploads\/2025\/09\/Hakimplantat-Fore-och-Efterbilder-5-640x800.webp 640w, https:\/\/drmuratsongu.com\/wp-content\/uploads\/2025\/09\/Hakimplantat-Fore-och-Efterbilder-5-768x960.webp 768w, https:\/\/drmuratsongu.com\/wp-content\/uploads\/2025\/09\/Hakimplantat-Fore-och-Efterbilder-5-1229x1536.webp 1229w, https:\/\/drmuratsongu.com\/wp-content\/uploads\/2025\/09\/Hakimplantat-Fore-och-Efterbilder-5-scaled.webp 2048w\" sizes=\"(max-width: 1639px) 100vw, 1639px\" title=\"\">                                                              <\/div>\n              <div class=\"box-text text-left\" >\n                 <p><\/p>\n              <\/div>\n            <\/div>\n            <\/a>          <\/div>\n         <\/div><div class=\"gallery-col col\" >\n          <div class=\"col-inner\">\n            <a class=\"image-lightbox lightbox-gallery\" href=\"https:\/\/drmuratsongu.com\/wp-content\/uploads\/2025\/09\/Hakimplantat-Fore-och-Efterbilder-6-640x800.webp\" title=\"\">            <div class=\"box has-hover gallery-box box-default\">\n              <div class=\"box-image image-cover\" style=\"padding-top:75%;\">\n                <img decoding=\"async\" width=\"1639\" height=\"2048\" src=\"https:\/\/drmuratsongu.com\/wp-content\/uploads\/2025\/09\/Hakimplantat-Fore-och-Efterbilder-6-1639x2048.webp\" class=\"border-gorsel\" alt=\"\" ids=\"71794,71810,71826,71842,71858,71874\" style=\"default\" columns=\"3\" image_height=\"75%\" image_size=\"2048x2048\" srcset=\"https:\/\/drmuratsongu.com\/wp-content\/uploads\/2025\/09\/Hakimplantat-Fore-och-Efterbilder-6-1639x2048.webp 1639w, https:\/\/drmuratsongu.com\/wp-content\/uploads\/2025\/09\/Hakimplantat-Fore-och-Efterbilder-6-320x400.webp 320w, https:\/\/drmuratsongu.com\/wp-content\/uploads\/2025\/09\/Hakimplantat-Fore-och-Efterbilder-6-640x800.webp 640w, https:\/\/drmuratsongu.com\/wp-content\/uploads\/2025\/09\/Hakimplantat-Fore-och-Efterbilder-6-768x960.webp 768w, https:\/\/drmuratsongu.com\/wp-content\/uploads\/2025\/09\/Hakimplantat-Fore-och-Efterbilder-6-1229x1536.webp 1229w, https:\/\/drmuratsongu.com\/wp-content\/uploads\/2025\/09\/Hakimplantat-Fore-och-Efterbilder-6-scaled.webp 2048w\" sizes=\"(max-width: 1639px) 100vw, 1639px\" title=\"\">                                                              <\/div>\n              <div class=\"box-text text-left\" >\n                 <p><\/p>\n              <\/div>\n            <\/div>\n            <\/a>          <\/div>\n         <\/div><\/div>\n\t\t<\/div>\n\t\t\t\t\t<\/div>\n\n\t\n<\/div>\n\t\t<\/div>\n\n\t\t\n<style>\n#section_721650170 {\n  padding-top: 30px;\n  padding-bottom: 30px;\n}\n<\/style>\n\t<\/section>\n\t\n","protected":false},"excerpt":{"rendered":"","protected":false},"author":5,"featured_media":0,"parent":31846,"menu_order":0,"comment_status":"closed","ping_status":"closed","template":"page-blank.php","meta":{"footnotes":""},"class_list":["post-45534","page","type-page","status-publish","hentry"],"_links":{"self":[{"href":"https:\/\/drmuratsongu.com\/sv\/wp-json\/wp\/v2\/pages\/45534","targetHints":{"allow":["GET"]}}],"collection":[{"href":"https:\/\/drmuratsongu.com\/sv\/wp-json\/wp\/v2\/pages"}],"about":[{"href":"https:\/\/drmuratsongu.com\/sv\/wp-json\/wp\/v2\/types\/page"}],"author":[{"embeddable":true,"href":"https:\/\/drmuratsongu.com\/sv\/wp-json\/wp\/v2\/users\/5"}],"replies":[{"embeddable":true,"href":"https:\/\/drmuratsongu.com\/sv\/wp-json\/wp\/v2\/comments?post=45534"}],"version-history":[{"count":3,"href":"https:\/\/drmuratsongu.com\/sv\/wp-json\/wp\/v2\/pages\/45534\/revisions"}],"predecessor-version":[{"id":71890,"href":"https:\/\/drmuratsongu.com\/sv\/wp-json\/wp\/v2\/pages\/45534\/revisions\/71890"}],"up":[{"embeddable":true,"href":"https:\/\/drmuratsongu.com\/sv\/wp-json\/wp\/v2\/pages\/31846"}],"wp:attachment":[{"href":"https:\/\/drmuratsongu.com\/sv\/wp-json\/wp\/v2\/media?parent=45534"}],"curies":[{"name":"wp","href":"https:\/\/api.w.org\/{rel}","templated":true}]}}